{"id":6102,"date":"2026-01-28T13:21:10","date_gmt":"2026-01-28T13:21:10","guid":{"rendered":"https:\/\/casadolivreiro.pt\/?post_type=product&#038;p=6102"},"modified":"2026-01-28T13:21:10","modified_gmt":"2026-01-28T13:21:10","slug":"mostra-me-o-teu-rosto-inacio-larranaga","status":"publish","type":"product","link":"https:\/\/casadolivreiro.pt\/index.php\/product\/mostra-me-o-teu-rosto-inacio-larranaga\/","title":{"rendered":"MOSTRA-ME O TEU ROSTO &#8211; In\u00e1cio Larra\u00f1aga"},"content":{"rendered":"<p>MOSTRA-ME O TEU ROSTO<\/p>\n<p>In\u00e1cio Larra\u00f1aga<\/p>\n<p>Tradu\u00e7\u00e3o de Fernando Reis<\/p>\n<p>Ano de edi\u00e7\u00e3o: 1980<\/p>\n<p>Editor: Edi\u00e7\u00f5es Paulistas, Lisboa<\/p>\n<p>Idioma: Portugu\u00eas<\/p>\n<p>Dimens\u00f5es: 13 x 2.5 x 20.5 cm<\/p>\n<p>Encaderna\u00e7\u00e3o: Capa mole<\/p>\n<p>P\u00e1ginas: 447<\/p>\n","protected":false},"excerpt":{"rendered":"<p>MOSTRA-ME O TEU ROSTO In\u00e1cio Larra\u00f1aga Tradu\u00e7\u00e3o de Fernando Reis Ano de edi\u00e7\u00e3o: 1980 Editor: Edi\u00e7\u00f5es Paulistas, Lisboa Idioma: Portugu\u00eas Dimens\u00f5es: 13 x 2.5 x 20.5 cm Encaderna\u00e7\u00e3o: Capa mole P\u00e1ginas: 447<\/p>\n","protected":false},"featured_media":6104,"comment_status":"open","ping_status":"closed","template":"","meta":{"om_disable_all_campaigns":false,"_monsterinsights_skip_tracking":false,"_monsterinsights_sitenote_active":false,"_monsterinsights_sitenote_note":"","_monsterinsights_sitenote_category":0,"_uf_show_specific_survey":0,"_uf_disable_surveys":false},"product_cat":[33],"product_tag":[],"aioseo_notices":[],"jetpack_sharing_enabled":true,"_links":{"self":[{"href":"https:\/\/casadolivreiro.pt\/index.php\/wp-json\/wp\/v2\/product\/6102"}],"collection":[{"href":"https:\/\/casadolivreiro.pt\/index.php\/wp-json\/wp\/v2\/product"}],"about":[{"href":"https:\/\/casadolivreiro.pt\/index.php\/wp-json\/wp\/v2\/types\/product"}],"replies":[{"embeddable":true,"href":"https:\/\/casadolivreiro.pt\/index.php\/wp-json\/wp\/v2\/comments?post=6102"}],"wp:featuredmedia":[{"embeddable":true,"href":"https:\/\/casadolivreiro.pt\/index.php\/wp-json\/wp\/v2\/media\/6104"}],"wp:attachment":[{"href":"https:\/\/casadolivreiro.pt\/index.php\/wp-json\/wp\/v2\/media?parent=6102"}],"wp:term":[{"taxonomy":"product_cat","embeddable":true,"href":"https:\/\/casadolivreiro.pt\/index.php\/wp-json\/wp\/v2\/product_cat?post=6102"},{"taxonomy":"product_tag","embeddable":true,"href":"https:\/\/casadolivreiro.pt\/index.php\/wp-json\/wp\/v2\/product_tag?post=6102"}],"curies":[{"name":"wp","href":"https:\/\/api.w.org\/{rel}","templated":true}]}}