{"id":6096,"date":"2026-01-28T12:27:43","date_gmt":"2026-01-28T12:27:43","guid":{"rendered":"https:\/\/casadolivreiro.pt\/?post_type=product&#038;p=6096"},"modified":"2026-01-28T12:27:43","modified_gmt":"2026-01-28T12:27:43","slug":"ensaios-tomo-vii-antonio-sergio","status":"publish","type":"product","link":"https:\/\/casadolivreiro.pt\/index.php\/product\/ensaios-tomo-vii-antonio-sergio\/","title":{"rendered":"ENSAIOS, Tomo VII &#8211; Ant\u00f3nio S\u00e9rgio"},"content":{"rendered":"<p>ENSAIOS, Tomo VII<\/p>\n<p>Ant\u00f3nio S\u00e9rgio<\/p>\n<p>Ano de edi\u00e7\u00e3o: 1954<\/p>\n<p>Editor: Publica\u00e7\u00f5es Europa-Am\u00e9rica<\/p>\n<p>Idioma: Portugu\u00eas<\/p>\n<p>Dimens\u00f5es: 12.8 x 2 x 18.3 cm<\/p>\n<p>Encaderna\u00e7\u00e3o: Capa mole<\/p>\n<p>P\u00e1ginas: 315<\/p>\n","protected":false},"excerpt":{"rendered":"<p>ENSAIOS, Tomo VII Ant\u00f3nio S\u00e9rgio Ano de edi\u00e7\u00e3o: 1954 Editor: Publica\u00e7\u00f5es Europa-Am\u00e9rica Idioma: Portugu\u00eas Dimens\u00f5es: 12.8 x 2 x 18.3 cm Encaderna\u00e7\u00e3o: Capa mole P\u00e1ginas: 315<\/p>\n","protected":false},"featured_media":6097,"comment_status":"open","ping_status":"closed","template":"","meta":{"om_disable_all_campaigns":false,"_monsterinsights_skip_tracking":false,"_monsterinsights_sitenote_active":false,"_monsterinsights_sitenote_note":"","_monsterinsights_sitenote_category":0,"_uf_show_specific_survey":0,"_uf_disable_surveys":false},"product_cat":[25],"product_tag":[],"aioseo_notices":[],"jetpack_sharing_enabled":true,"_links":{"self":[{"href":"https:\/\/casadolivreiro.pt\/index.php\/wp-json\/wp\/v2\/product\/6096"}],"collection":[{"href":"https:\/\/casadolivreiro.pt\/index.php\/wp-json\/wp\/v2\/product"}],"about":[{"href":"https:\/\/casadolivreiro.pt\/index.php\/wp-json\/wp\/v2\/types\/product"}],"replies":[{"embeddable":true,"href":"https:\/\/casadolivreiro.pt\/index.php\/wp-json\/wp\/v2\/comments?post=6096"}],"wp:featuredmedia":[{"embeddable":true,"href":"https:\/\/casadolivreiro.pt\/index.php\/wp-json\/wp\/v2\/media\/6097"}],"wp:attachment":[{"href":"https:\/\/casadolivreiro.pt\/index.php\/wp-json\/wp\/v2\/media?parent=6096"}],"wp:term":[{"taxonomy":"product_cat","embeddable":true,"href":"https:\/\/casadolivreiro.pt\/index.php\/wp-json\/wp\/v2\/product_cat?post=6096"},{"taxonomy":"product_tag","embeddable":true,"href":"https:\/\/casadolivreiro.pt\/index.php\/wp-json\/wp\/v2\/product_tag?post=6096"}],"curies":[{"name":"wp","href":"https:\/\/api.w.org\/{rel}","templated":true}]}}