{"id":6092,"date":"2026-01-28T11:56:11","date_gmt":"2026-01-28T11:56:11","guid":{"rendered":"https:\/\/casadolivreiro.pt\/?post_type=product&#038;p=6092"},"modified":"2026-01-28T11:56:11","modified_gmt":"2026-01-28T11:56:11","slug":"amor-na-primeira-pessoa-ensaio-1-carlos-goncalves","status":"publish","type":"product","link":"https:\/\/casadolivreiro.pt\/index.php\/product\/amor-na-primeira-pessoa-ensaio-1-carlos-goncalves\/","title":{"rendered":"AMOR NA PRIMEIRA PESSOA: Ensaio 1 &#8211; Carlos Gon\u00e7alves"},"content":{"rendered":"<p>AMOR NA PRIMEIRA PESSOA: Ensaio 1<\/p>\n<p>Carlos Gon\u00e7alves<\/p>\n<p>Ano de edi\u00e7\u00e3o: 2004<\/p>\n<p>Editor:<\/p>\n<p>Idioma: Portugu\u00eas<\/p>\n<p>Dimens\u00f5es: 14.3 x 0.5 x 20.5 cm<\/p>\n<p>Encaderna\u00e7\u00e3o: Capa mole<\/p>\n<p>P\u00e1ginas: 57<\/p>\n","protected":false},"excerpt":{"rendered":"<p>AMOR NA PRIMEIRA PESSOA: Ensaio 1 Carlos Gon\u00e7alves Ano de edi\u00e7\u00e3o: 2004 Editor: Idioma: Portugu\u00eas Dimens\u00f5es: 14.3 x 0.5 x 20.5 cm Encaderna\u00e7\u00e3o: Capa mole P\u00e1ginas: 57<\/p>\n","protected":false},"featured_media":6093,"comment_status":"open","ping_status":"closed","template":"","meta":{"om_disable_all_campaigns":false,"_monsterinsights_skip_tracking":false,"_monsterinsights_sitenote_active":false,"_monsterinsights_sitenote_note":"","_monsterinsights_sitenote_category":0,"_uf_show_specific_survey":0,"_uf_disable_surveys":false},"product_cat":[25,27],"product_tag":[],"aioseo_notices":[],"jetpack_sharing_enabled":true,"_links":{"self":[{"href":"https:\/\/casadolivreiro.pt\/index.php\/wp-json\/wp\/v2\/product\/6092"}],"collection":[{"href":"https:\/\/casadolivreiro.pt\/index.php\/wp-json\/wp\/v2\/product"}],"about":[{"href":"https:\/\/casadolivreiro.pt\/index.php\/wp-json\/wp\/v2\/types\/product"}],"replies":[{"embeddable":true,"href":"https:\/\/casadolivreiro.pt\/index.php\/wp-json\/wp\/v2\/comments?post=6092"}],"wp:featuredmedia":[{"embeddable":true,"href":"https:\/\/casadolivreiro.pt\/index.php\/wp-json\/wp\/v2\/media\/6093"}],"wp:attachment":[{"href":"https:\/\/casadolivreiro.pt\/index.php\/wp-json\/wp\/v2\/media?parent=6092"}],"wp:term":[{"taxonomy":"product_cat","embeddable":true,"href":"https:\/\/casadolivreiro.pt\/index.php\/wp-json\/wp\/v2\/product_cat?post=6092"},{"taxonomy":"product_tag","embeddable":true,"href":"https:\/\/casadolivreiro.pt\/index.php\/wp-json\/wp\/v2\/product_tag?post=6092"}],"curies":[{"name":"wp","href":"https:\/\/api.w.org\/{rel}","templated":true}]}}