{"id":6090,"date":"2026-01-28T11:53:58","date_gmt":"2026-01-28T11:53:58","guid":{"rendered":"https:\/\/casadolivreiro.pt\/?post_type=product&#038;p=6090"},"modified":"2026-01-28T11:53:58","modified_gmt":"2026-01-28T11:53:58","slug":"luto-pela-felicidade-dos-portugueses-cronicas-benditas-rui-zink","status":"publish","type":"product","link":"https:\/\/casadolivreiro.pt\/index.php\/product\/luto-pela-felicidade-dos-portugueses-cronicas-benditas-rui-zink\/","title":{"rendered":"LUTO PELA FELICIDADE DOS PORTUGUESES: Cr\u00f3nicas Benditas &#8211; Rui Zink"},"content":{"rendered":"<p>LUTO PELA FELICIDADE DOS PORTUGUESES: Cr\u00f3nicas Benditas<\/p>\n<p>Rui Zink<\/p>\n<p>Ano de edi\u00e7\u00e3o: 2007 (1.\u00aa edi\u00e7\u00e3o)<\/p>\n<p>Editor: Quasi Edi\u00e7\u00f5es<\/p>\n<p>Idioma: Portugu\u00eas<\/p>\n<p>Dimens\u00f5es: 13.5 x 1.2 x 20.3 cm<\/p>\n<p>Encaderna\u00e7\u00e3o: Capa mole<\/p>\n<p>P\u00e1ginas: 154<\/p>\n","protected":false},"excerpt":{"rendered":"<p>LUTO PELA FELICIDADE DOS PORTUGUESES: Cr\u00f3nicas Benditas Rui Zink Ano de edi\u00e7\u00e3o: 2007 (1.\u00aa edi\u00e7\u00e3o) Editor: Quasi Edi\u00e7\u00f5es Idioma: Portugu\u00eas Dimens\u00f5es: 13.5 x 1.2 x 20.3 cm Encaderna\u00e7\u00e3o: Capa mole P\u00e1ginas: 154<\/p>\n","protected":false},"featured_media":6091,"comment_status":"open","ping_status":"closed","template":"","meta":{"om_disable_all_campaigns":false,"_monsterinsights_skip_tracking":false,"_monsterinsights_sitenote_active":false,"_monsterinsights_sitenote_note":"","_monsterinsights_sitenote_category":0,"_uf_show_specific_survey":0,"_uf_disable_surveys":false},"product_cat":[25],"product_tag":[],"aioseo_notices":[],"jetpack_sharing_enabled":true,"_links":{"self":[{"href":"https:\/\/casadolivreiro.pt\/index.php\/wp-json\/wp\/v2\/product\/6090"}],"collection":[{"href":"https:\/\/casadolivreiro.pt\/index.php\/wp-json\/wp\/v2\/product"}],"about":[{"href":"https:\/\/casadolivreiro.pt\/index.php\/wp-json\/wp\/v2\/types\/product"}],"replies":[{"embeddable":true,"href":"https:\/\/casadolivreiro.pt\/index.php\/wp-json\/wp\/v2\/comments?post=6090"}],"wp:featuredmedia":[{"embeddable":true,"href":"https:\/\/casadolivreiro.pt\/index.php\/wp-json\/wp\/v2\/media\/6091"}],"wp:attachment":[{"href":"https:\/\/casadolivreiro.pt\/index.php\/wp-json\/wp\/v2\/media?parent=6090"}],"wp:term":[{"taxonomy":"product_cat","embeddable":true,"href":"https:\/\/casadolivreiro.pt\/index.php\/wp-json\/wp\/v2\/product_cat?post=6090"},{"taxonomy":"product_tag","embeddable":true,"href":"https:\/\/casadolivreiro.pt\/index.php\/wp-json\/wp\/v2\/product_tag?post=6090"}],"curies":[{"name":"wp","href":"https:\/\/api.w.org\/{rel}","templated":true}]}}