{"id":609,"date":"2024-03-15T12:51:58","date_gmt":"2024-03-15T12:51:58","guid":{"rendered":"https:\/\/casadolivreiro.pt\/?post_type=product&#038;p=609"},"modified":"2024-03-15T12:51:58","modified_gmt":"2024-03-15T12:51:58","slug":"espions-suicide-eric-feldt","status":"publish","type":"product","link":"https:\/\/casadolivreiro.pt\/index.php\/product\/espions-suicide-eric-feldt\/","title":{"rendered":"ESPIONS-SUICIDE &#8211; Eric Feldt"},"content":{"rendered":"<p>ESPIONS-SUICIDE<br \/>\nEric Feldt<br \/>\nPr\u00e9face de Georges Blond<br \/>\nTradu\u00e7\u00e3o de Pierre Martory<br \/>\nAno de edi\u00e7\u00e3o: 1964<br \/>\nEditor: Librairie Artheme Fayard, Paris<br \/>\nIdioma: Franc\u00eas<br \/>\nDimens\u00f5es: 14.5 x 2 x 20 cm<br \/>\nEncaderna\u00e7\u00e3o: Capa mole<br \/>\nP\u00e1ginas: 290<\/p>\n","protected":false},"excerpt":{"rendered":"<p>ESPIONS-SUICIDE Eric Feldt Pr\u00e9face de Georges Blond Tradu\u00e7\u00e3o de Pierre Martory Ano de edi\u00e7\u00e3o: 1964 Editor: Librairie Artheme Fayard, Paris Idioma: Franc\u00eas Dimens\u00f5es: 14.5 x 2 x 20 cm Encaderna\u00e7\u00e3o: Capa mole P\u00e1ginas: 290<\/p>\n","protected":false},"featured_media":610,"comment_status":"open","ping_status":"closed","template":"","meta":{"om_disable_all_campaigns":false,"_monsterinsights_skip_tracking":false,"_monsterinsights_sitenote_active":false,"_monsterinsights_sitenote_note":"","_monsterinsights_sitenote_category":0,"_uf_show_specific_survey":0,"_uf_disable_surveys":false},"product_cat":[30,44],"product_tag":[],"aioseo_notices":[],"jetpack_sharing_enabled":true,"_links":{"self":[{"href":"https:\/\/casadolivreiro.pt\/index.php\/wp-json\/wp\/v2\/product\/609"}],"collection":[{"href":"https:\/\/casadolivreiro.pt\/index.php\/wp-json\/wp\/v2\/product"}],"about":[{"href":"https:\/\/casadolivreiro.pt\/index.php\/wp-json\/wp\/v2\/types\/product"}],"replies":[{"embeddable":true,"href":"https:\/\/casadolivreiro.pt\/index.php\/wp-json\/wp\/v2\/comments?post=609"}],"wp:featuredmedia":[{"embeddable":true,"href":"https:\/\/casadolivreiro.pt\/index.php\/wp-json\/wp\/v2\/media\/610"}],"wp:attachment":[{"href":"https:\/\/casadolivreiro.pt\/index.php\/wp-json\/wp\/v2\/media?parent=609"}],"wp:term":[{"taxonomy":"product_cat","embeddable":true,"href":"https:\/\/casadolivreiro.pt\/index.php\/wp-json\/wp\/v2\/product_cat?post=609"},{"taxonomy":"product_tag","embeddable":true,"href":"https:\/\/casadolivreiro.pt\/index.php\/wp-json\/wp\/v2\/product_tag?post=609"}],"curies":[{"name":"wp","href":"https:\/\/api.w.org\/{rel}","templated":true}]}}