{"id":6088,"date":"2026-01-28T11:51:33","date_gmt":"2026-01-28T11:51:33","guid":{"rendered":"https:\/\/casadolivreiro.pt\/?post_type=product&#038;p=6088"},"modified":"2026-01-28T11:51:33","modified_gmt":"2026-01-28T11:51:33","slug":"o-valete-de-espadas-gerardo-mello-mourao","status":"publish","type":"product","link":"https:\/\/casadolivreiro.pt\/index.php\/product\/o-valete-de-espadas-gerardo-mello-mourao\/","title":{"rendered":"O VALETE DE ESPADAS &#8211; Gerardo Mello Mour\u00e3o"},"content":{"rendered":"<p>O VALETE DE ESPADAS<\/p>\n<p>Gerardo Mello Mour\u00e3o<\/p>\n<p>Ano de edi\u00e7\u00e3o: 1975<\/p>\n<p>Editor: Livraria Bertrand, Lisboa<\/p>\n<p>Idioma: Portugu\u00eas<\/p>\n<p>Dimens\u00f5es: 14 x 1.5 x 21 cm<\/p>\n<p>Encaderna\u00e7\u00e3o: Capa mole<\/p>\n<p>P\u00e1ginas: 204<\/p>\n","protected":false},"excerpt":{"rendered":"<p>O VALETE DE ESPADAS Gerardo Mello Mour\u00e3o Ano de edi\u00e7\u00e3o: 1975 Editor: Livraria Bertrand, Lisboa Idioma: Portugu\u00eas Dimens\u00f5es: 14 x 1.5 x 21 cm Encaderna\u00e7\u00e3o: Capa mole P\u00e1ginas: 204<\/p>\n","protected":false},"featured_media":6089,"comment_status":"open","ping_status":"closed","template":"","meta":{"om_disable_all_campaigns":false,"_monsterinsights_skip_tracking":false,"_monsterinsights_sitenote_active":false,"_monsterinsights_sitenote_note":"","_monsterinsights_sitenote_category":0,"_uf_show_specific_survey":0,"_uf_disable_surveys":false},"product_cat":[25],"product_tag":[],"aioseo_notices":[],"jetpack_sharing_enabled":true,"_links":{"self":[{"href":"https:\/\/casadolivreiro.pt\/index.php\/wp-json\/wp\/v2\/product\/6088"}],"collection":[{"href":"https:\/\/casadolivreiro.pt\/index.php\/wp-json\/wp\/v2\/product"}],"about":[{"href":"https:\/\/casadolivreiro.pt\/index.php\/wp-json\/wp\/v2\/types\/product"}],"replies":[{"embeddable":true,"href":"https:\/\/casadolivreiro.pt\/index.php\/wp-json\/wp\/v2\/comments?post=6088"}],"wp:featuredmedia":[{"embeddable":true,"href":"https:\/\/casadolivreiro.pt\/index.php\/wp-json\/wp\/v2\/media\/6089"}],"wp:attachment":[{"href":"https:\/\/casadolivreiro.pt\/index.php\/wp-json\/wp\/v2\/media?parent=6088"}],"wp:term":[{"taxonomy":"product_cat","embeddable":true,"href":"https:\/\/casadolivreiro.pt\/index.php\/wp-json\/wp\/v2\/product_cat?post=6088"},{"taxonomy":"product_tag","embeddable":true,"href":"https:\/\/casadolivreiro.pt\/index.php\/wp-json\/wp\/v2\/product_tag?post=6088"}],"curies":[{"name":"wp","href":"https:\/\/api.w.org\/{rel}","templated":true}]}}