{"id":6080,"date":"2026-01-28T11:35:47","date_gmt":"2026-01-28T11:35:47","guid":{"rendered":"https:\/\/casadolivreiro.pt\/?post_type=product&#038;p=6080"},"modified":"2026-01-28T11:35:48","modified_gmt":"2026-01-28T11:35:48","slug":"a-volta-ao-mundo-uma-pista-para-o-futuro-anselmo-vasconcellos","status":"publish","type":"product","link":"https:\/\/casadolivreiro.pt\/index.php\/product\/a-volta-ao-mundo-uma-pista-para-o-futuro-anselmo-vasconcellos\/","title":{"rendered":"A VOLTA AO MUNDO: UMA PISTA PARA O FUTURO &#8211; Anselmo Vasconcellos"},"content":{"rendered":"<p>A VOLTA AO MUNDO: UMA PISTA PARA O FUTURO<\/p>\n<p>Anselmo Vasconcellos<\/p>\n<p>Ano de edi\u00e7\u00e3o: 2014<\/p>\n<p>Editor: Chiado Editora<\/p>\n<p>Idioma: Portugu\u00eas<\/p>\n<p>Dimens\u00f5es: 14 x 1.7 x 22 cm<\/p>\n<p>Encaderna\u00e7\u00e3o: Capa mole<\/p>\n<p>P\u00e1ginas: 225<\/p>\n","protected":false},"excerpt":{"rendered":"<p>A VOLTA AO MUNDO: UMA PISTA PARA O FUTURO Anselmo Vasconcellos Ano de edi\u00e7\u00e3o: 2014 Editor: Chiado Editora Idioma: Portugu\u00eas Dimens\u00f5es: 14 x 1.7 x 22 cm Encaderna\u00e7\u00e3o: Capa mole P\u00e1ginas: 225<\/p>\n","protected":false},"featured_media":6081,"comment_status":"open","ping_status":"closed","template":"","meta":{"om_disable_all_campaigns":false,"_monsterinsights_skip_tracking":false,"_monsterinsights_sitenote_active":false,"_monsterinsights_sitenote_note":"","_monsterinsights_sitenote_category":0,"_uf_show_specific_survey":0,"_uf_disable_surveys":false},"product_cat":[25],"product_tag":[],"aioseo_notices":[],"jetpack_sharing_enabled":true,"_links":{"self":[{"href":"https:\/\/casadolivreiro.pt\/index.php\/wp-json\/wp\/v2\/product\/6080"}],"collection":[{"href":"https:\/\/casadolivreiro.pt\/index.php\/wp-json\/wp\/v2\/product"}],"about":[{"href":"https:\/\/casadolivreiro.pt\/index.php\/wp-json\/wp\/v2\/types\/product"}],"replies":[{"embeddable":true,"href":"https:\/\/casadolivreiro.pt\/index.php\/wp-json\/wp\/v2\/comments?post=6080"}],"wp:featuredmedia":[{"embeddable":true,"href":"https:\/\/casadolivreiro.pt\/index.php\/wp-json\/wp\/v2\/media\/6081"}],"wp:attachment":[{"href":"https:\/\/casadolivreiro.pt\/index.php\/wp-json\/wp\/v2\/media?parent=6080"}],"wp:term":[{"taxonomy":"product_cat","embeddable":true,"href":"https:\/\/casadolivreiro.pt\/index.php\/wp-json\/wp\/v2\/product_cat?post=6080"},{"taxonomy":"product_tag","embeddable":true,"href":"https:\/\/casadolivreiro.pt\/index.php\/wp-json\/wp\/v2\/product_tag?post=6080"}],"curies":[{"name":"wp","href":"https:\/\/api.w.org\/{rel}","templated":true}]}}