{"id":6078,"date":"2026-01-28T11:32:42","date_gmt":"2026-01-28T11:32:42","guid":{"rendered":"https:\/\/casadolivreiro.pt\/?post_type=product&#038;p=6078"},"modified":"2026-01-28T11:32:42","modified_gmt":"2026-01-28T11:32:42","slug":"os-maias-parte-1-2-e-3-eca-de-queiros","status":"publish","type":"product","link":"https:\/\/casadolivreiro.pt\/index.php\/product\/os-maias-parte-1-2-e-3-eca-de-queiros\/","title":{"rendered":"OS MAIAS ( Parte 1, 2, e 3) E\u00e7a de Queir\u00f3s"},"content":{"rendered":"<p>OS MAIAS ( Parte 1, 2, e 3)<\/p>\n<p>E\u00e7a de Queir\u00f3s<\/p>\n<p>Ano de edi\u00e7\u00e3o: 2013<\/p>\n<p>Editor: Expresso<\/p>\n<p>Idioma: Portugu\u00eas<\/p>\n<p>Dimens\u00f5es: 13.5 x 1.2 x 19 cm, 13.5 x 1.1 x 19 cm,<\/p>\n<p>Encaderna\u00e7\u00e3o: Capa mole<\/p>\n<p>P\u00e1ginas: 219, 216 e 192<\/p>\n","protected":false},"excerpt":{"rendered":"<p>OS MAIAS ( Parte 1, 2, e 3) E\u00e7a de Queir\u00f3s Ano de edi\u00e7\u00e3o: 2013 Editor: Expresso Idioma: Portugu\u00eas Dimens\u00f5es: 13.5 x 1.2 x 19 cm, 13.5 x 1.1 x 19 cm, Encaderna\u00e7\u00e3o: Capa mole P\u00e1ginas: 219, 216 e 192<\/p>\n","protected":false},"featured_media":6079,"comment_status":"open","ping_status":"closed","template":"","meta":{"om_disable_all_campaigns":false,"_monsterinsights_skip_tracking":false,"_monsterinsights_sitenote_active":false,"_monsterinsights_sitenote_note":"","_monsterinsights_sitenote_category":0,"_uf_show_specific_survey":0,"_uf_disable_surveys":false},"product_cat":[25],"product_tag":[],"aioseo_notices":[],"jetpack_sharing_enabled":true,"_links":{"self":[{"href":"https:\/\/casadolivreiro.pt\/index.php\/wp-json\/wp\/v2\/product\/6078"}],"collection":[{"href":"https:\/\/casadolivreiro.pt\/index.php\/wp-json\/wp\/v2\/product"}],"about":[{"href":"https:\/\/casadolivreiro.pt\/index.php\/wp-json\/wp\/v2\/types\/product"}],"replies":[{"embeddable":true,"href":"https:\/\/casadolivreiro.pt\/index.php\/wp-json\/wp\/v2\/comments?post=6078"}],"wp:featuredmedia":[{"embeddable":true,"href":"https:\/\/casadolivreiro.pt\/index.php\/wp-json\/wp\/v2\/media\/6079"}],"wp:attachment":[{"href":"https:\/\/casadolivreiro.pt\/index.php\/wp-json\/wp\/v2\/media?parent=6078"}],"wp:term":[{"taxonomy":"product_cat","embeddable":true,"href":"https:\/\/casadolivreiro.pt\/index.php\/wp-json\/wp\/v2\/product_cat?post=6078"},{"taxonomy":"product_tag","embeddable":true,"href":"https:\/\/casadolivreiro.pt\/index.php\/wp-json\/wp\/v2\/product_tag?post=6078"}],"curies":[{"name":"wp","href":"https:\/\/api.w.org\/{rel}","templated":true}]}}