{"id":6076,"date":"2026-01-28T11:30:36","date_gmt":"2026-01-28T11:30:36","guid":{"rendered":"https:\/\/casadolivreiro.pt\/?post_type=product&#038;p=6076"},"modified":"2026-01-28T11:30:36","modified_gmt":"2026-01-28T11:30:36","slug":"mensagem-e-outros-poemas-fernando-pessoa","status":"publish","type":"product","link":"https:\/\/casadolivreiro.pt\/index.php\/product\/mensagem-e-outros-poemas-fernando-pessoa\/","title":{"rendered":"MENSAGEM E OUTROS POEMAS &#8211; Fernando Pessoa"},"content":{"rendered":"<p>MENSAGEM E OUTROS POEMAS<\/p>\n<p>Fernando Pessoa<\/p>\n<p>Ano de edi\u00e7\u00e3o: 2015<\/p>\n<p>Editor: Expresso<\/p>\n<p>Idioma: Portugu\u00eas<\/p>\n<p>Dimens\u00f5es: 13.5 x 0.7 x 19 cm<\/p>\n<p>Encaderna\u00e7\u00e3o: Capa mole<\/p>\n<p>P\u00e1ginas: 128<\/p>\n","protected":false},"excerpt":{"rendered":"<p>MENSAGEM E OUTROS POEMAS Fernando Pessoa Ano de edi\u00e7\u00e3o: 2015 Editor: Expresso Idioma: Portugu\u00eas Dimens\u00f5es: 13.5 x 0.7 x 19 cm Encaderna\u00e7\u00e3o: Capa mole P\u00e1ginas: 128<\/p>\n","protected":false},"featured_media":6077,"comment_status":"open","ping_status":"closed","template":"","meta":{"om_disable_all_campaigns":false,"_monsterinsights_skip_tracking":false,"_monsterinsights_sitenote_active":false,"_monsterinsights_sitenote_note":"","_monsterinsights_sitenote_category":0,"_uf_show_specific_survey":0,"_uf_disable_surveys":false},"product_cat":[25],"product_tag":[],"aioseo_notices":[],"jetpack_sharing_enabled":true,"_links":{"self":[{"href":"https:\/\/casadolivreiro.pt\/index.php\/wp-json\/wp\/v2\/product\/6076"}],"collection":[{"href":"https:\/\/casadolivreiro.pt\/index.php\/wp-json\/wp\/v2\/product"}],"about":[{"href":"https:\/\/casadolivreiro.pt\/index.php\/wp-json\/wp\/v2\/types\/product"}],"replies":[{"embeddable":true,"href":"https:\/\/casadolivreiro.pt\/index.php\/wp-json\/wp\/v2\/comments?post=6076"}],"wp:featuredmedia":[{"embeddable":true,"href":"https:\/\/casadolivreiro.pt\/index.php\/wp-json\/wp\/v2\/media\/6077"}],"wp:attachment":[{"href":"https:\/\/casadolivreiro.pt\/index.php\/wp-json\/wp\/v2\/media?parent=6076"}],"wp:term":[{"taxonomy":"product_cat","embeddable":true,"href":"https:\/\/casadolivreiro.pt\/index.php\/wp-json\/wp\/v2\/product_cat?post=6076"},{"taxonomy":"product_tag","embeddable":true,"href":"https:\/\/casadolivreiro.pt\/index.php\/wp-json\/wp\/v2\/product_tag?post=6076"}],"curies":[{"name":"wp","href":"https:\/\/api.w.org\/{rel}","templated":true}]}}