{"id":6069,"date":"2026-01-28T11:23:17","date_gmt":"2026-01-28T11:23:17","guid":{"rendered":"https:\/\/casadolivreiro.pt\/?post_type=product&#038;p=6069"},"modified":"2026-01-28T11:23:17","modified_gmt":"2026-01-28T11:23:17","slug":"o-abencoado-afonso-cruz-e-as-suplicas-joao-tordo","status":"publish","type":"product","link":"https:\/\/casadolivreiro.pt\/index.php\/product\/o-abencoado-afonso-cruz-e-as-suplicas-joao-tordo\/","title":{"rendered":"O ABEN\u00c7OADO \u2013 Afonso Cruz e AS S\u00daPLICAS \u2013 Jo\u00e3o Tordo"},"content":{"rendered":"<p>O ABEN\u00c7OADO \u2013 Afonso Cruz<\/p>\n<p>e AS S\u00daPLICAS \u2013 Jo\u00e3o Tordo<\/p>\n<p>Colec\u00e7\u00e3o In\u00e9ditos<\/p>\n<p>Ano de edi\u00e7\u00e3o: 2017<\/p>\n<p>Editor: Expresso \/ Booktailors<\/p>\n<p>Idioma: Portugu\u00eas<\/p>\n<p>Dimens\u00f5es: 13.5 x 0.9 x 19 cm<\/p>\n<p>Encaderna\u00e7\u00e3o: Capa mole<\/p>\n<p>P\u00e1ginas: 113<\/p>\n","protected":false},"excerpt":{"rendered":"<p>O ABEN\u00c7OADO \u2013 Afonso Cruz e AS S\u00daPLICAS \u2013 Jo\u00e3o Tordo Colec\u00e7\u00e3o In\u00e9ditos Ano de edi\u00e7\u00e3o: 2017 Editor: Expresso \/ Booktailors Idioma: Portugu\u00eas Dimens\u00f5es: 13.5 x 0.9 x 19 cm Encaderna\u00e7\u00e3o: Capa mole P\u00e1ginas: 113<\/p>\n","protected":false},"featured_media":6070,"comment_status":"open","ping_status":"closed","template":"","meta":{"om_disable_all_campaigns":false,"_monsterinsights_skip_tracking":false,"_monsterinsights_sitenote_active":false,"_monsterinsights_sitenote_note":"","_monsterinsights_sitenote_category":0,"_uf_show_specific_survey":0,"_uf_disable_surveys":false},"product_cat":[25],"product_tag":[],"aioseo_notices":[],"jetpack_sharing_enabled":true,"_links":{"self":[{"href":"https:\/\/casadolivreiro.pt\/index.php\/wp-json\/wp\/v2\/product\/6069"}],"collection":[{"href":"https:\/\/casadolivreiro.pt\/index.php\/wp-json\/wp\/v2\/product"}],"about":[{"href":"https:\/\/casadolivreiro.pt\/index.php\/wp-json\/wp\/v2\/types\/product"}],"replies":[{"embeddable":true,"href":"https:\/\/casadolivreiro.pt\/index.php\/wp-json\/wp\/v2\/comments?post=6069"}],"wp:featuredmedia":[{"embeddable":true,"href":"https:\/\/casadolivreiro.pt\/index.php\/wp-json\/wp\/v2\/media\/6070"}],"wp:attachment":[{"href":"https:\/\/casadolivreiro.pt\/index.php\/wp-json\/wp\/v2\/media?parent=6069"}],"wp:term":[{"taxonomy":"product_cat","embeddable":true,"href":"https:\/\/casadolivreiro.pt\/index.php\/wp-json\/wp\/v2\/product_cat?post=6069"},{"taxonomy":"product_tag","embeddable":true,"href":"https:\/\/casadolivreiro.pt\/index.php\/wp-json\/wp\/v2\/product_tag?post=6069"}],"curies":[{"name":"wp","href":"https:\/\/api.w.org\/{rel}","templated":true}]}}