{"id":6065,"date":"2026-01-28T11:19:09","date_gmt":"2026-01-28T11:19:09","guid":{"rendered":"https:\/\/casadolivreiro.pt\/?post_type=product&#038;p=6065"},"modified":"2026-01-28T11:19:09","modified_gmt":"2026-01-28T11:19:09","slug":"dores-maria-teresa-horta-e-chave-de-entendimento-para-uma-sinfonia-perdida-patricia-reis","status":"publish","type":"product","link":"https:\/\/casadolivreiro.pt\/index.php\/product\/dores-maria-teresa-horta-e-chave-de-entendimento-para-uma-sinfonia-perdida-patricia-reis\/","title":{"rendered":"DORES &#8211; Maria Teresa Horta e CHAVE DE ENTENDIMENTO PARA UMA SINFONIA PERDIDA \u2013 Patr\u00edcia Reis"},"content":{"rendered":"<p>DORES &#8211; Maria Teresa Horta<\/p>\n<p>e CHAVE DE ENTENDIMENTO PARA UMA SINFONIA PERDIDA \u2013 Patr\u00edcia Reis<\/p>\n<p>Colec\u00e7\u00e3o In\u00e9ditos<\/p>\n<p>Ano de edi\u00e7\u00e3o: 2017<\/p>\n<p>Editor: Expresso \/ Booktailors<\/p>\n<p>Idioma: Portugu\u00eas<\/p>\n<p>Dimens\u00f5es: 13.5 x 0.9 x 19 cm<\/p>\n<p>Encaderna\u00e7\u00e3o: Capa mole<\/p>\n<p>P\u00e1ginas: 111<\/p>\n","protected":false},"excerpt":{"rendered":"<p>DORES &#8211; Maria Teresa Horta e CHAVE DE ENTENDIMENTO PARA UMA SINFONIA PERDIDA \u2013 Patr\u00edcia Reis Colec\u00e7\u00e3o In\u00e9ditos Ano de edi\u00e7\u00e3o: 2017 Editor: Expresso \/ Booktailors Idioma: Portugu\u00eas Dimens\u00f5es: 13.5 x 0.9 x 19 cm Encaderna\u00e7\u00e3o: Capa mole P\u00e1ginas: 111<\/p>\n","protected":false},"featured_media":6067,"comment_status":"open","ping_status":"closed","template":"","meta":{"om_disable_all_campaigns":false,"_monsterinsights_skip_tracking":false,"_monsterinsights_sitenote_active":false,"_monsterinsights_sitenote_note":"","_monsterinsights_sitenote_category":0,"_uf_show_specific_survey":0,"_uf_disable_surveys":false},"product_cat":[25],"product_tag":[],"aioseo_notices":[],"jetpack_sharing_enabled":true,"_links":{"self":[{"href":"https:\/\/casadolivreiro.pt\/index.php\/wp-json\/wp\/v2\/product\/6065"}],"collection":[{"href":"https:\/\/casadolivreiro.pt\/index.php\/wp-json\/wp\/v2\/product"}],"about":[{"href":"https:\/\/casadolivreiro.pt\/index.php\/wp-json\/wp\/v2\/types\/product"}],"replies":[{"embeddable":true,"href":"https:\/\/casadolivreiro.pt\/index.php\/wp-json\/wp\/v2\/comments?post=6065"}],"wp:featuredmedia":[{"embeddable":true,"href":"https:\/\/casadolivreiro.pt\/index.php\/wp-json\/wp\/v2\/media\/6067"}],"wp:attachment":[{"href":"https:\/\/casadolivreiro.pt\/index.php\/wp-json\/wp\/v2\/media?parent=6065"}],"wp:term":[{"taxonomy":"product_cat","embeddable":true,"href":"https:\/\/casadolivreiro.pt\/index.php\/wp-json\/wp\/v2\/product_cat?post=6065"},{"taxonomy":"product_tag","embeddable":true,"href":"https:\/\/casadolivreiro.pt\/index.php\/wp-json\/wp\/v2\/product_tag?post=6065"}],"curies":[{"name":"wp","href":"https:\/\/api.w.org\/{rel}","templated":true}]}}