{"id":6058,"date":"2026-01-27T17:39:25","date_gmt":"2026-01-27T17:39:25","guid":{"rendered":"https:\/\/casadolivreiro.pt\/?post_type=product&#038;p=6058"},"modified":"2026-01-27T17:39:26","modified_gmt":"2026-01-27T17:39:26","slug":"breviario-das-mas-inclinacoes-jose-rico-direitinho","status":"publish","type":"product","link":"https:\/\/casadolivreiro.pt\/index.php\/product\/breviario-das-mas-inclinacoes-jose-rico-direitinho\/","title":{"rendered":"BREVI\u00c1RIO DAS M\u00c1S INCLINA\u00c7\u00d5ES &#8211; Jos\u00e9 Ri\u00e7o Direitinho"},"content":{"rendered":"<p>BREVI\u00c1RIO DAS M\u00c1S INCLINA\u00c7\u00d5ES<\/p>\n<p>Jos\u00e9 Ri\u00e7o Direitinho<\/p>\n<p>Ano de edi\u00e7\u00e3o: 1997<\/p>\n<p>Editor: Circulo de Leitores<\/p>\n<p>Idioma: Portugu\u00eas<\/p>\n<p>Dimens\u00f5es: 12 x 1.5 x 20.3 cm<\/p>\n<p>Encaderna\u00e7\u00e3o: Capa dura<\/p>\n<p>P\u00e1ginas: 175<\/p>\n","protected":false},"excerpt":{"rendered":"<p>BREVI\u00c1RIO DAS M\u00c1S INCLINA\u00c7\u00d5ES Jos\u00e9 Ri\u00e7o Direitinho Ano de edi\u00e7\u00e3o: 1997 Editor: Circulo de Leitores Idioma: Portugu\u00eas Dimens\u00f5es: 12 x 1.5 x 20.3 cm Encaderna\u00e7\u00e3o: Capa dura P\u00e1ginas: 175<\/p>\n","protected":false},"featured_media":6059,"comment_status":"open","ping_status":"closed","template":"","meta":{"om_disable_all_campaigns":false,"_monsterinsights_skip_tracking":false,"_monsterinsights_sitenote_active":false,"_monsterinsights_sitenote_note":"","_monsterinsights_sitenote_category":0,"_uf_show_specific_survey":0,"_uf_disable_surveys":false},"product_cat":[25],"product_tag":[],"aioseo_notices":[],"jetpack_sharing_enabled":true,"_links":{"self":[{"href":"https:\/\/casadolivreiro.pt\/index.php\/wp-json\/wp\/v2\/product\/6058"}],"collection":[{"href":"https:\/\/casadolivreiro.pt\/index.php\/wp-json\/wp\/v2\/product"}],"about":[{"href":"https:\/\/casadolivreiro.pt\/index.php\/wp-json\/wp\/v2\/types\/product"}],"replies":[{"embeddable":true,"href":"https:\/\/casadolivreiro.pt\/index.php\/wp-json\/wp\/v2\/comments?post=6058"}],"wp:featuredmedia":[{"embeddable":true,"href":"https:\/\/casadolivreiro.pt\/index.php\/wp-json\/wp\/v2\/media\/6059"}],"wp:attachment":[{"href":"https:\/\/casadolivreiro.pt\/index.php\/wp-json\/wp\/v2\/media?parent=6058"}],"wp:term":[{"taxonomy":"product_cat","embeddable":true,"href":"https:\/\/casadolivreiro.pt\/index.php\/wp-json\/wp\/v2\/product_cat?post=6058"},{"taxonomy":"product_tag","embeddable":true,"href":"https:\/\/casadolivreiro.pt\/index.php\/wp-json\/wp\/v2\/product_tag?post=6058"}],"curies":[{"name":"wp","href":"https:\/\/api.w.org\/{rel}","templated":true}]}}