{"id":6056,"date":"2026-01-27T17:12:44","date_gmt":"2026-01-27T17:12:44","guid":{"rendered":"https:\/\/casadolivreiro.pt\/?post_type=product&#038;p=6056"},"modified":"2026-01-27T17:12:44","modified_gmt":"2026-01-27T17:12:44","slug":"o-monge-de-cister-vol-ii-alexandre-herculano","status":"publish","type":"product","link":"https:\/\/casadolivreiro.pt\/index.php\/product\/o-monge-de-cister-vol-ii-alexandre-herculano\/","title":{"rendered":"O MONGE DE CISTER, Vol. II &#8211; Alexandre Herculano"},"content":{"rendered":"<p>O MONGE DE CISTER, Vol. II<\/p>\n<p>Alexandre Herculano<\/p>\n<p>Livros de bolsa #308<\/p>\n<p>Ano de edi\u00e7\u00e3o:<\/p>\n<p>Editor: Publica\u00e7\u00f5es Europa-Am\u00e9rica<\/p>\n<p>Idioma: Portugu\u00eas<\/p>\n<p>Dimens\u00f5es: 11.3 x 1.3 x 18 cm<\/p>\n<p>Encaderna\u00e7\u00e3o: Capa mole<\/p>\n<p>P\u00e1ginas: 167<\/p>\n","protected":false},"excerpt":{"rendered":"<p>O MONGE DE CISTER, Vol. II Alexandre Herculano Livros de bolsa #308 Ano de edi\u00e7\u00e3o: Editor: Publica\u00e7\u00f5es Europa-Am\u00e9rica Idioma: Portugu\u00eas Dimens\u00f5es: 11.3 x 1.3 x 18 cm Encaderna\u00e7\u00e3o: Capa mole P\u00e1ginas: 167<\/p>\n","protected":false},"featured_media":6057,"comment_status":"open","ping_status":"closed","template":"","meta":{"om_disable_all_campaigns":false,"_monsterinsights_skip_tracking":false,"_monsterinsights_sitenote_active":false,"_monsterinsights_sitenote_note":"","_monsterinsights_sitenote_category":0,"_uf_show_specific_survey":0,"_uf_disable_surveys":false},"product_cat":[25],"product_tag":[],"aioseo_notices":[],"jetpack_sharing_enabled":true,"_links":{"self":[{"href":"https:\/\/casadolivreiro.pt\/index.php\/wp-json\/wp\/v2\/product\/6056"}],"collection":[{"href":"https:\/\/casadolivreiro.pt\/index.php\/wp-json\/wp\/v2\/product"}],"about":[{"href":"https:\/\/casadolivreiro.pt\/index.php\/wp-json\/wp\/v2\/types\/product"}],"replies":[{"embeddable":true,"href":"https:\/\/casadolivreiro.pt\/index.php\/wp-json\/wp\/v2\/comments?post=6056"}],"wp:featuredmedia":[{"embeddable":true,"href":"https:\/\/casadolivreiro.pt\/index.php\/wp-json\/wp\/v2\/media\/6057"}],"wp:attachment":[{"href":"https:\/\/casadolivreiro.pt\/index.php\/wp-json\/wp\/v2\/media?parent=6056"}],"wp:term":[{"taxonomy":"product_cat","embeddable":true,"href":"https:\/\/casadolivreiro.pt\/index.php\/wp-json\/wp\/v2\/product_cat?post=6056"},{"taxonomy":"product_tag","embeddable":true,"href":"https:\/\/casadolivreiro.pt\/index.php\/wp-json\/wp\/v2\/product_tag?post=6056"}],"curies":[{"name":"wp","href":"https:\/\/api.w.org\/{rel}","templated":true}]}}