{"id":6052,"date":"2026-01-27T17:08:55","date_gmt":"2026-01-27T17:08:55","guid":{"rendered":"https:\/\/casadolivreiro.pt\/?post_type=product&#038;p=6052"},"modified":"2026-01-27T17:08:55","modified_gmt":"2026-01-27T17:08:55","slug":"ines-de-castro-episodio-extraido-do-canto-terceiro-do-poema-epica-os-lusiadas-luis-de-camoes","status":"publish","type":"product","link":"https:\/\/casadolivreiro.pt\/index.php\/product\/ines-de-castro-episodio-extraido-do-canto-terceiro-do-poema-epica-os-lusiadas-luis-de-camoes\/","title":{"rendered":"IN\u00caS DE CASTRO: Epis\u00f3dio extra\u00eddo do canto terceiro do poema \u00e9pica OS LUS\u00cdADAS &#8211; Lu\u00eds de Cam\u00f5es"},"content":{"rendered":"<p>IN\u00caS DE CASTRO: Epis\u00f3dio extra\u00eddo do canto terceiro do poema \u00e9pica OS LUS\u00cdADAS<\/p>\n<p>Lu\u00eds de Cam\u00f5es<\/p>\n<p>Ano de edi\u00e7\u00e3o: 1980<\/p>\n<p>Editor: Imprensa Nacional-Casa da Moeda, Lisboa<\/p>\n<p>Idioma: Portugu\u00eas \/ Multilingual (edi\u00e7\u00e3o em 14 l\u00ednguas)<\/p>\n<p>Dimens\u00f5es: 11 x 0.6 x 18.5 cm<\/p>\n<p>Encaderna\u00e7\u00e3o: Capa mole<\/p>\n<p>P\u00e1ginas: 60<\/p>\n","protected":false},"excerpt":{"rendered":"<p>IN\u00caS DE CASTRO: Epis\u00f3dio extra\u00eddo do canto terceiro do poema \u00e9pica OS LUS\u00cdADAS Lu\u00eds de Cam\u00f5es Ano de edi\u00e7\u00e3o: 1980 Editor: Imprensa Nacional-Casa da Moeda, Lisboa Idioma: Portugu\u00eas \/ Multilingual (edi\u00e7\u00e3o em 14 l\u00ednguas) Dimens\u00f5es: 11 x 0.6 x 18.5 cm Encaderna\u00e7\u00e3o: Capa mole P\u00e1ginas: 60<\/p>\n","protected":false},"featured_media":6053,"comment_status":"open","ping_status":"closed","template":"","meta":{"om_disable_all_campaigns":false,"_monsterinsights_skip_tracking":false,"_monsterinsights_sitenote_active":false,"_monsterinsights_sitenote_note":"","_monsterinsights_sitenote_category":0,"_uf_show_specific_survey":0,"_uf_disable_surveys":false},"product_cat":[25,27],"product_tag":[],"aioseo_notices":[],"jetpack_sharing_enabled":true,"_links":{"self":[{"href":"https:\/\/casadolivreiro.pt\/index.php\/wp-json\/wp\/v2\/product\/6052"}],"collection":[{"href":"https:\/\/casadolivreiro.pt\/index.php\/wp-json\/wp\/v2\/product"}],"about":[{"href":"https:\/\/casadolivreiro.pt\/index.php\/wp-json\/wp\/v2\/types\/product"}],"replies":[{"embeddable":true,"href":"https:\/\/casadolivreiro.pt\/index.php\/wp-json\/wp\/v2\/comments?post=6052"}],"wp:featuredmedia":[{"embeddable":true,"href":"https:\/\/casadolivreiro.pt\/index.php\/wp-json\/wp\/v2\/media\/6053"}],"wp:attachment":[{"href":"https:\/\/casadolivreiro.pt\/index.php\/wp-json\/wp\/v2\/media?parent=6052"}],"wp:term":[{"taxonomy":"product_cat","embeddable":true,"href":"https:\/\/casadolivreiro.pt\/index.php\/wp-json\/wp\/v2\/product_cat?post=6052"},{"taxonomy":"product_tag","embeddable":true,"href":"https:\/\/casadolivreiro.pt\/index.php\/wp-json\/wp\/v2\/product_tag?post=6052"}],"curies":[{"name":"wp","href":"https:\/\/api.w.org\/{rel}","templated":true}]}}