{"id":6050,"date":"2026-01-27T17:05:12","date_gmt":"2026-01-27T17:05:12","guid":{"rendered":"https:\/\/casadolivreiro.pt\/?post_type=product&#038;p=6050"},"modified":"2026-01-27T17:05:12","modified_gmt":"2026-01-27T17:05:12","slug":"roque-santeiro-dias-gomes","status":"publish","type":"product","link":"https:\/\/casadolivreiro.pt\/index.php\/product\/roque-santeiro-dias-gomes\/","title":{"rendered":"ROQUE SANTEIRO &#8211; Dias Gomes"},"content":{"rendered":"<p>ROQUE SANTEIRO<\/p>\n<p>Dias Gomes<\/p>\n<p>Colec\u00e7\u00e3o Telenovelas<\/p>\n<p>Ano de edi\u00e7\u00e3o: 1987<\/p>\n<p>Editor: Editora Globo<\/p>\n<p>Idioma: Portugu\u00eas<\/p>\n<p>Dimens\u00f5es: 12.2 x 1.3 x 19 cm<\/p>\n<p>Encaderna\u00e7\u00e3o: Capa mole<\/p>\n<p>P\u00e1ginas: 181<\/p>\n","protected":false},"excerpt":{"rendered":"<p>ROQUE SANTEIRO Dias Gomes Colec\u00e7\u00e3o Telenovelas Ano de edi\u00e7\u00e3o: 1987 Editor: Editora Globo Idioma: Portugu\u00eas Dimens\u00f5es: 12.2 x 1.3 x 19 cm Encaderna\u00e7\u00e3o: Capa mole P\u00e1ginas: 181<\/p>\n","protected":false},"featured_media":6051,"comment_status":"open","ping_status":"closed","template":"","meta":{"om_disable_all_campaigns":false,"_monsterinsights_skip_tracking":false,"_monsterinsights_sitenote_active":false,"_monsterinsights_sitenote_note":"","_monsterinsights_sitenote_category":0,"_uf_show_specific_survey":0,"_uf_disable_surveys":false},"product_cat":[25],"product_tag":[],"aioseo_notices":[],"jetpack_sharing_enabled":true,"_links":{"self":[{"href":"https:\/\/casadolivreiro.pt\/index.php\/wp-json\/wp\/v2\/product\/6050"}],"collection":[{"href":"https:\/\/casadolivreiro.pt\/index.php\/wp-json\/wp\/v2\/product"}],"about":[{"href":"https:\/\/casadolivreiro.pt\/index.php\/wp-json\/wp\/v2\/types\/product"}],"replies":[{"embeddable":true,"href":"https:\/\/casadolivreiro.pt\/index.php\/wp-json\/wp\/v2\/comments?post=6050"}],"wp:featuredmedia":[{"embeddable":true,"href":"https:\/\/casadolivreiro.pt\/index.php\/wp-json\/wp\/v2\/media\/6051"}],"wp:attachment":[{"href":"https:\/\/casadolivreiro.pt\/index.php\/wp-json\/wp\/v2\/media?parent=6050"}],"wp:term":[{"taxonomy":"product_cat","embeddable":true,"href":"https:\/\/casadolivreiro.pt\/index.php\/wp-json\/wp\/v2\/product_cat?post=6050"},{"taxonomy":"product_tag","embeddable":true,"href":"https:\/\/casadolivreiro.pt\/index.php\/wp-json\/wp\/v2\/product_tag?post=6050"}],"curies":[{"name":"wp","href":"https:\/\/api.w.org\/{rel}","templated":true}]}}