{"id":6048,"date":"2026-01-27T17:03:26","date_gmt":"2026-01-27T17:03:26","guid":{"rendered":"https:\/\/casadolivreiro.pt\/?post_type=product&#038;p=6048"},"modified":"2026-01-27T17:03:26","modified_gmt":"2026-01-27T17:03:26","slug":"liberdade-de-riso-alvaro-de-laiglesia","status":"publish","type":"product","link":"https:\/\/casadolivreiro.pt\/index.php\/product\/liberdade-de-riso-alvaro-de-laiglesia\/","title":{"rendered":"LIBERDADE DE RISO &#8211; \u00c1lvaro de Laiglesia"},"content":{"rendered":"<p>LIBERDADE DE RISO<\/p>\n<p>\u00c1lvaro de Laiglesia<\/p>\n<p>Ano de edi\u00e7\u00e3o:<\/p>\n<p>Editor: Edi\u00e7\u00e3o do autor<\/p>\n<p>Idioma: Portugu\u00eas<\/p>\n<p>Dimens\u00f5es: 12.2 x 1.3 x 17 cm<\/p>\n<p>Encaderna\u00e7\u00e3o: Capa mole<\/p>\n<p>P\u00e1ginas: 134<\/p>\n","protected":false},"excerpt":{"rendered":"<p>LIBERDADE DE RISO \u00c1lvaro de Laiglesia Ano de edi\u00e7\u00e3o: Editor: Edi\u00e7\u00e3o do autor Idioma: Portugu\u00eas Dimens\u00f5es: 12.2 x 1.3 x 17 cm Encaderna\u00e7\u00e3o: Capa mole P\u00e1ginas: 134<\/p>\n","protected":false},"featured_media":6049,"comment_status":"open","ping_status":"closed","template":"","meta":{"om_disable_all_campaigns":false,"_monsterinsights_skip_tracking":false,"_monsterinsights_sitenote_active":false,"_monsterinsights_sitenote_note":"","_monsterinsights_sitenote_category":0,"_uf_show_specific_survey":0,"_uf_disable_surveys":false},"product_cat":[25],"product_tag":[],"aioseo_notices":[],"jetpack_sharing_enabled":true,"_links":{"self":[{"href":"https:\/\/casadolivreiro.pt\/index.php\/wp-json\/wp\/v2\/product\/6048"}],"collection":[{"href":"https:\/\/casadolivreiro.pt\/index.php\/wp-json\/wp\/v2\/product"}],"about":[{"href":"https:\/\/casadolivreiro.pt\/index.php\/wp-json\/wp\/v2\/types\/product"}],"replies":[{"embeddable":true,"href":"https:\/\/casadolivreiro.pt\/index.php\/wp-json\/wp\/v2\/comments?post=6048"}],"wp:featuredmedia":[{"embeddable":true,"href":"https:\/\/casadolivreiro.pt\/index.php\/wp-json\/wp\/v2\/media\/6049"}],"wp:attachment":[{"href":"https:\/\/casadolivreiro.pt\/index.php\/wp-json\/wp\/v2\/media?parent=6048"}],"wp:term":[{"taxonomy":"product_cat","embeddable":true,"href":"https:\/\/casadolivreiro.pt\/index.php\/wp-json\/wp\/v2\/product_cat?post=6048"},{"taxonomy":"product_tag","embeddable":true,"href":"https:\/\/casadolivreiro.pt\/index.php\/wp-json\/wp\/v2\/product_tag?post=6048"}],"curies":[{"name":"wp","href":"https:\/\/api.w.org\/{rel}","templated":true}]}}