{"id":6042,"date":"2026-01-27T16:52:02","date_gmt":"2026-01-27T16:52:02","guid":{"rendered":"https:\/\/casadolivreiro.pt\/?post_type=product&#038;p=6042"},"modified":"2026-01-27T16:52:02","modified_gmt":"2026-01-27T16:52:02","slug":"rosinha-minha-canoa-jose-mauro-de-vasconcelos","status":"publish","type":"product","link":"https:\/\/casadolivreiro.pt\/index.php\/product\/rosinha-minha-canoa-jose-mauro-de-vasconcelos\/","title":{"rendered":"ROSINHA, MINHA CANOA &#8211; Jos\u00e9 Mauro de Vasconcelos"},"content":{"rendered":"<p>ROSINHA, MINHA CANOA<\/p>\n<p>Jos\u00e9 Mauro de Vasconcelos<\/p>\n<p>Ano de edi\u00e7\u00e3o: 1987<\/p>\n<p>Editor: Melhoramentos<\/p>\n<p>Idioma: Portugu\u00eas<\/p>\n<p>Dimens\u00f5es: 10.8 x 0.8 x 15.7 cm<\/p>\n<p>Encaderna\u00e7\u00e3o: Capa mole<\/p>\n<p>P\u00e1ginas: 198<\/p>\n","protected":false},"excerpt":{"rendered":"<p>ROSINHA, MINHA CANOA Jos\u00e9 Mauro de Vasconcelos Ano de edi\u00e7\u00e3o: 1987 Editor: Melhoramentos Idioma: Portugu\u00eas Dimens\u00f5es: 10.8 x 0.8 x 15.7 cm Encaderna\u00e7\u00e3o: Capa mole P\u00e1ginas: 198<\/p>\n","protected":false},"featured_media":6043,"comment_status":"open","ping_status":"closed","template":"","meta":{"om_disable_all_campaigns":false,"_monsterinsights_skip_tracking":false,"_monsterinsights_sitenote_active":false,"_monsterinsights_sitenote_note":"","_monsterinsights_sitenote_category":0,"_uf_show_specific_survey":0,"_uf_disable_surveys":false},"product_cat":[25],"product_tag":[],"aioseo_notices":[],"jetpack_sharing_enabled":true,"_links":{"self":[{"href":"https:\/\/casadolivreiro.pt\/index.php\/wp-json\/wp\/v2\/product\/6042"}],"collection":[{"href":"https:\/\/casadolivreiro.pt\/index.php\/wp-json\/wp\/v2\/product"}],"about":[{"href":"https:\/\/casadolivreiro.pt\/index.php\/wp-json\/wp\/v2\/types\/product"}],"replies":[{"embeddable":true,"href":"https:\/\/casadolivreiro.pt\/index.php\/wp-json\/wp\/v2\/comments?post=6042"}],"wp:featuredmedia":[{"embeddable":true,"href":"https:\/\/casadolivreiro.pt\/index.php\/wp-json\/wp\/v2\/media\/6043"}],"wp:attachment":[{"href":"https:\/\/casadolivreiro.pt\/index.php\/wp-json\/wp\/v2\/media?parent=6042"}],"wp:term":[{"taxonomy":"product_cat","embeddable":true,"href":"https:\/\/casadolivreiro.pt\/index.php\/wp-json\/wp\/v2\/product_cat?post=6042"},{"taxonomy":"product_tag","embeddable":true,"href":"https:\/\/casadolivreiro.pt\/index.php\/wp-json\/wp\/v2\/product_tag?post=6042"}],"curies":[{"name":"wp","href":"https:\/\/api.w.org\/{rel}","templated":true}]}}