{"id":6038,"date":"2026-01-27T16:46:53","date_gmt":"2026-01-27T16:46:53","guid":{"rendered":"https:\/\/casadolivreiro.pt\/?post_type=product&#038;p=6038"},"modified":"2026-01-27T16:46:54","modified_gmt":"2026-01-27T16:46:54","slug":"o-rio-triste-fernando-namora-2","status":"publish","type":"product","link":"https:\/\/casadolivreiro.pt\/index.php\/product\/o-rio-triste-fernando-namora-2\/","title":{"rendered":"O RIO TRISTE &#8211; Fernando Namora"},"content":{"rendered":"<p>O RIO TRISTE<\/p>\n<p>Fernando Namora<\/p>\n<p>Ano de edi\u00e7\u00e3o: 1983<\/p>\n<p>Editor: Circulo de Leitores, Lisboa<\/p>\n<p>Idioma: Portugu\u00eas<\/p>\n<p>Dimens\u00f5es: 12.5 x 2 x 20.3 cm<\/p>\n<p>Encaderna\u00e7\u00e3o: Capa dura<\/p>\n<p>P\u00e1ginas: 298<\/p>\n","protected":false},"excerpt":{"rendered":"<p>O RIO TRISTE Fernando Namora Ano de edi\u00e7\u00e3o: 1983 Editor: Circulo de Leitores, Lisboa Idioma: Portugu\u00eas Dimens\u00f5es: 12.5 x 2 x 20.3 cm Encaderna\u00e7\u00e3o: Capa dura P\u00e1ginas: 298<\/p>\n","protected":false},"featured_media":6039,"comment_status":"open","ping_status":"closed","template":"","meta":{"om_disable_all_campaigns":false,"_monsterinsights_skip_tracking":false,"_monsterinsights_sitenote_active":false,"_monsterinsights_sitenote_note":"","_monsterinsights_sitenote_category":0,"_uf_show_specific_survey":0,"_uf_disable_surveys":false},"product_cat":[25],"product_tag":[],"aioseo_notices":[],"jetpack_sharing_enabled":true,"_links":{"self":[{"href":"https:\/\/casadolivreiro.pt\/index.php\/wp-json\/wp\/v2\/product\/6038"}],"collection":[{"href":"https:\/\/casadolivreiro.pt\/index.php\/wp-json\/wp\/v2\/product"}],"about":[{"href":"https:\/\/casadolivreiro.pt\/index.php\/wp-json\/wp\/v2\/types\/product"}],"replies":[{"embeddable":true,"href":"https:\/\/casadolivreiro.pt\/index.php\/wp-json\/wp\/v2\/comments?post=6038"}],"wp:featuredmedia":[{"embeddable":true,"href":"https:\/\/casadolivreiro.pt\/index.php\/wp-json\/wp\/v2\/media\/6039"}],"wp:attachment":[{"href":"https:\/\/casadolivreiro.pt\/index.php\/wp-json\/wp\/v2\/media?parent=6038"}],"wp:term":[{"taxonomy":"product_cat","embeddable":true,"href":"https:\/\/casadolivreiro.pt\/index.php\/wp-json\/wp\/v2\/product_cat?post=6038"},{"taxonomy":"product_tag","embeddable":true,"href":"https:\/\/casadolivreiro.pt\/index.php\/wp-json\/wp\/v2\/product_tag?post=6038"}],"curies":[{"name":"wp","href":"https:\/\/api.w.org\/{rel}","templated":true}]}}