{"id":6036,"date":"2026-01-27T16:44:53","date_gmt":"2026-01-27T16:44:53","guid":{"rendered":"https:\/\/casadolivreiro.pt\/?post_type=product&#038;p=6036"},"modified":"2026-01-27T16:44:53","modified_gmt":"2026-01-27T16:44:53","slug":"portugues-escritor-quarenta-e-cinco-anos-de-idade-bernardo-santareno","status":"publish","type":"product","link":"https:\/\/casadolivreiro.pt\/index.php\/product\/portugues-escritor-quarenta-e-cinco-anos-de-idade-bernardo-santareno\/","title":{"rendered":"PORTUGU\u00caS; ESCRITOR, QUARENTA E CINCO ANOS DE IDADE &#8211; Bernardo Santareno"},"content":{"rendered":"<p>PORTUGU\u00caS; ESCRITOR, QUARENTA E CINCO ANOS DE IDADE<\/p>\n<p>Bernardo Santareno<\/p>\n<p>Ano de edi\u00e7\u00e3o: 1974<\/p>\n<p>Editor: Edi\u00e7\u00f5es Atica, Lisboa<\/p>\n<p>Idioma: Portugu\u00eas<\/p>\n<p>Dimens\u00f5es: 13.8 x 1.8 x 19.5 cm<\/p>\n<p>Encaderna\u00e7\u00e3o: Capa mole<\/p>\n<p>P\u00e1ginas: 302<\/p>\n","protected":false},"excerpt":{"rendered":"<p>PORTUGU\u00caS; ESCRITOR, QUARENTA E CINCO ANOS DE IDADE Bernardo Santareno Ano de edi\u00e7\u00e3o: 1974 Editor: Edi\u00e7\u00f5es Atica, Lisboa Idioma: Portugu\u00eas Dimens\u00f5es: 13.8 x 1.8 x 19.5 cm Encaderna\u00e7\u00e3o: Capa mole P\u00e1ginas: 302<\/p>\n","protected":false},"featured_media":6037,"comment_status":"open","ping_status":"closed","template":"","meta":{"om_disable_all_campaigns":false,"_monsterinsights_skip_tracking":false,"_monsterinsights_sitenote_active":false,"_monsterinsights_sitenote_note":"","_monsterinsights_sitenote_category":0,"_uf_show_specific_survey":0,"_uf_disable_surveys":false},"product_cat":[25],"product_tag":[],"aioseo_notices":[],"jetpack_sharing_enabled":true,"_links":{"self":[{"href":"https:\/\/casadolivreiro.pt\/index.php\/wp-json\/wp\/v2\/product\/6036"}],"collection":[{"href":"https:\/\/casadolivreiro.pt\/index.php\/wp-json\/wp\/v2\/product"}],"about":[{"href":"https:\/\/casadolivreiro.pt\/index.php\/wp-json\/wp\/v2\/types\/product"}],"replies":[{"embeddable":true,"href":"https:\/\/casadolivreiro.pt\/index.php\/wp-json\/wp\/v2\/comments?post=6036"}],"wp:featuredmedia":[{"embeddable":true,"href":"https:\/\/casadolivreiro.pt\/index.php\/wp-json\/wp\/v2\/media\/6037"}],"wp:attachment":[{"href":"https:\/\/casadolivreiro.pt\/index.php\/wp-json\/wp\/v2\/media?parent=6036"}],"wp:term":[{"taxonomy":"product_cat","embeddable":true,"href":"https:\/\/casadolivreiro.pt\/index.php\/wp-json\/wp\/v2\/product_cat?post=6036"},{"taxonomy":"product_tag","embeddable":true,"href":"https:\/\/casadolivreiro.pt\/index.php\/wp-json\/wp\/v2\/product_tag?post=6036"}],"curies":[{"name":"wp","href":"https:\/\/api.w.org\/{rel}","templated":true}]}}