{"id":6034,"date":"2026-01-27T16:43:02","date_gmt":"2026-01-27T16:43:02","guid":{"rendered":"https:\/\/casadolivreiro.pt\/?post_type=product&#038;p=6034"},"modified":"2026-01-27T16:43:02","modified_gmt":"2026-01-27T16:43:02","slug":"quem-me-dera-ser-onda-manuel-rui","status":"publish","type":"product","link":"https:\/\/casadolivreiro.pt\/index.php\/product\/quem-me-dera-ser-onda-manuel-rui\/","title":{"rendered":"QUEM ME DERA SER ONDA &#8211; Manuel Rui"},"content":{"rendered":"<p>QUEM ME DERA SER ONDA<\/p>\n<p>Manuel Rui<\/p>\n<p>Ano de edi\u00e7\u00e3o: 1989<\/p>\n<p>Editor: Uni\u00e3o ENDIAMA<\/p>\n<p>Idioma: Portugu\u00eas<\/p>\n<p>Dimens\u00f5es: 13 x 0.2 x 19 cm<\/p>\n<p>Encaderna\u00e7\u00e3o: Capa mole<\/p>\n<p>P\u00e1ginas: 52<\/p>\n","protected":false},"excerpt":{"rendered":"<p>QUEM ME DERA SER ONDA Manuel Rui Ano de edi\u00e7\u00e3o: 1989 Editor: Uni\u00e3o ENDIAMA Idioma: Portugu\u00eas Dimens\u00f5es: 13 x 0.2 x 19 cm Encaderna\u00e7\u00e3o: Capa mole P\u00e1ginas: 52<\/p>\n","protected":false},"featured_media":6035,"comment_status":"open","ping_status":"closed","template":"","meta":{"om_disable_all_campaigns":false,"_monsterinsights_skip_tracking":false,"_monsterinsights_sitenote_active":false,"_monsterinsights_sitenote_note":"","_monsterinsights_sitenote_category":0,"_uf_show_specific_survey":0,"_uf_disable_surveys":false},"product_cat":[25],"product_tag":[],"aioseo_notices":[],"jetpack_sharing_enabled":true,"_links":{"self":[{"href":"https:\/\/casadolivreiro.pt\/index.php\/wp-json\/wp\/v2\/product\/6034"}],"collection":[{"href":"https:\/\/casadolivreiro.pt\/index.php\/wp-json\/wp\/v2\/product"}],"about":[{"href":"https:\/\/casadolivreiro.pt\/index.php\/wp-json\/wp\/v2\/types\/product"}],"replies":[{"embeddable":true,"href":"https:\/\/casadolivreiro.pt\/index.php\/wp-json\/wp\/v2\/comments?post=6034"}],"wp:featuredmedia":[{"embeddable":true,"href":"https:\/\/casadolivreiro.pt\/index.php\/wp-json\/wp\/v2\/media\/6035"}],"wp:attachment":[{"href":"https:\/\/casadolivreiro.pt\/index.php\/wp-json\/wp\/v2\/media?parent=6034"}],"wp:term":[{"taxonomy":"product_cat","embeddable":true,"href":"https:\/\/casadolivreiro.pt\/index.php\/wp-json\/wp\/v2\/product_cat?post=6034"},{"taxonomy":"product_tag","embeddable":true,"href":"https:\/\/casadolivreiro.pt\/index.php\/wp-json\/wp\/v2\/product_tag?post=6034"}],"curies":[{"name":"wp","href":"https:\/\/api.w.org\/{rel}","templated":true}]}}