{"id":6032,"date":"2026-01-27T16:41:07","date_gmt":"2026-01-27T16:41:07","guid":{"rendered":"https:\/\/casadolivreiro.pt\/?post_type=product&#038;p=6032"},"modified":"2026-01-27T16:41:07","modified_gmt":"2026-01-27T16:41:07","slug":"obras-de-camilo-castelo-branco-lxxvii-teatro-ii-camilo-castelo-branco","status":"publish","type":"product","link":"https:\/\/casadolivreiro.pt\/index.php\/product\/obras-de-camilo-castelo-branco-lxxvii-teatro-ii-camilo-castelo-branco\/","title":{"rendered":"Obras de Camilo Castelo Branco LXXVII: TEATRO II &#8211; Camilo Castelo Branco"},"content":{"rendered":"<p>Obras de Camilo Castelo Branco LXXVII: TEATRO II<\/p>\n<p>Camilo Castelo Branco<\/p>\n<p>Ano de edi\u00e7\u00e3o: 1971<\/p>\n<p>Editor: Parceria A. M. Pereira, Lda. Lisboa<\/p>\n<p>Idioma: Portugu\u00eas<\/p>\n<p>Dimens\u00f5es: 13 x 1.8 x 19.5 cm<\/p>\n<p>Encaderna\u00e7\u00e3o: Capa mole<\/p>\n<p>P\u00e1ginas: 287<\/p>\n","protected":false},"excerpt":{"rendered":"<p>Obras de Camilo Castelo Branco LXXVII: TEATRO II Camilo Castelo Branco Ano de edi\u00e7\u00e3o: 1971 Editor: Parceria A. M. Pereira, Lda. Lisboa Idioma: Portugu\u00eas Dimens\u00f5es: 13 x 1.8 x 19.5 cm Encaderna\u00e7\u00e3o: Capa mole P\u00e1ginas: 287<\/p>\n","protected":false},"featured_media":6033,"comment_status":"open","ping_status":"closed","template":"","meta":{"om_disable_all_campaigns":false,"_monsterinsights_skip_tracking":false,"_monsterinsights_sitenote_active":false,"_monsterinsights_sitenote_note":"","_monsterinsights_sitenote_category":0,"_uf_show_specific_survey":0,"_uf_disable_surveys":false},"product_cat":[25],"product_tag":[],"aioseo_notices":[],"jetpack_sharing_enabled":true,"_links":{"self":[{"href":"https:\/\/casadolivreiro.pt\/index.php\/wp-json\/wp\/v2\/product\/6032"}],"collection":[{"href":"https:\/\/casadolivreiro.pt\/index.php\/wp-json\/wp\/v2\/product"}],"about":[{"href":"https:\/\/casadolivreiro.pt\/index.php\/wp-json\/wp\/v2\/types\/product"}],"replies":[{"embeddable":true,"href":"https:\/\/casadolivreiro.pt\/index.php\/wp-json\/wp\/v2\/comments?post=6032"}],"wp:featuredmedia":[{"embeddable":true,"href":"https:\/\/casadolivreiro.pt\/index.php\/wp-json\/wp\/v2\/media\/6033"}],"wp:attachment":[{"href":"https:\/\/casadolivreiro.pt\/index.php\/wp-json\/wp\/v2\/media?parent=6032"}],"wp:term":[{"taxonomy":"product_cat","embeddable":true,"href":"https:\/\/casadolivreiro.pt\/index.php\/wp-json\/wp\/v2\/product_cat?post=6032"},{"taxonomy":"product_tag","embeddable":true,"href":"https:\/\/casadolivreiro.pt\/index.php\/wp-json\/wp\/v2\/product_tag?post=6032"}],"curies":[{"name":"wp","href":"https:\/\/api.w.org\/{rel}","templated":true}]}}