{"id":6030,"date":"2026-01-27T16:27:41","date_gmt":"2026-01-27T16:27:41","guid":{"rendered":"https:\/\/casadolivreiro.pt\/?post_type=product&#038;p=6030"},"modified":"2026-01-27T16:27:41","modified_gmt":"2026-01-27T16:27:41","slug":"dinheiro-molesto-p-g-vodehouse","status":"publish","type":"product","link":"https:\/\/casadolivreiro.pt\/index.php\/product\/dinheiro-molesto-p-g-vodehouse\/","title":{"rendered":"DINHEIRO MOLESTO &#8211; P.G. Vodehouse"},"content":{"rendered":"<p>DINHEIRO MOLESTO<\/p>\n<p>P.G. Vodehouse<\/p>\n<p>Tradu\u00e7\u00e3o de Jos\u00e9 Ervedosa<\/p>\n<p>Ano de edi\u00e7\u00e3o:<\/p>\n<p>Editor: Editorial Aster<\/p>\n<p>Idioma: Portugu\u00eas<\/p>\n<p>Dimens\u00f5es: 13 x 1.3 x 19.7 cm<\/p>\n<p>Encaderna\u00e7\u00e3o: Capa mole<\/p>\n<p>P\u00e1ginas: 228<\/p>\n","protected":false},"excerpt":{"rendered":"<p>DINHEIRO MOLESTO P.G. Vodehouse Tradu\u00e7\u00e3o de Jos\u00e9 Ervedosa Ano de edi\u00e7\u00e3o: Editor: Editorial Aster Idioma: Portugu\u00eas Dimens\u00f5es: 13 x 1.3 x 19.7 cm Encaderna\u00e7\u00e3o: Capa mole P\u00e1ginas: 228<\/p>\n","protected":false},"featured_media":6031,"comment_status":"open","ping_status":"closed","template":"","meta":{"om_disable_all_campaigns":false,"_monsterinsights_skip_tracking":false,"_monsterinsights_sitenote_active":false,"_monsterinsights_sitenote_note":"","_monsterinsights_sitenote_category":0,"_uf_show_specific_survey":0,"_uf_disable_surveys":false},"product_cat":[26],"product_tag":[],"aioseo_notices":[],"jetpack_sharing_enabled":true,"_links":{"self":[{"href":"https:\/\/casadolivreiro.pt\/index.php\/wp-json\/wp\/v2\/product\/6030"}],"collection":[{"href":"https:\/\/casadolivreiro.pt\/index.php\/wp-json\/wp\/v2\/product"}],"about":[{"href":"https:\/\/casadolivreiro.pt\/index.php\/wp-json\/wp\/v2\/types\/product"}],"replies":[{"embeddable":true,"href":"https:\/\/casadolivreiro.pt\/index.php\/wp-json\/wp\/v2\/comments?post=6030"}],"wp:featuredmedia":[{"embeddable":true,"href":"https:\/\/casadolivreiro.pt\/index.php\/wp-json\/wp\/v2\/media\/6031"}],"wp:attachment":[{"href":"https:\/\/casadolivreiro.pt\/index.php\/wp-json\/wp\/v2\/media?parent=6030"}],"wp:term":[{"taxonomy":"product_cat","embeddable":true,"href":"https:\/\/casadolivreiro.pt\/index.php\/wp-json\/wp\/v2\/product_cat?post=6030"},{"taxonomy":"product_tag","embeddable":true,"href":"https:\/\/casadolivreiro.pt\/index.php\/wp-json\/wp\/v2\/product_tag?post=6030"}],"curies":[{"name":"wp","href":"https:\/\/api.w.org\/{rel}","templated":true}]}}