{"id":6028,"date":"2026-01-27T16:14:25","date_gmt":"2026-01-27T16:14:25","guid":{"rendered":"https:\/\/casadolivreiro.pt\/?post_type=product&#038;p=6028"},"modified":"2026-01-27T16:14:25","modified_gmt":"2026-01-27T16:14:25","slug":"o-bem-amado-dias-gomes","status":"publish","type":"product","link":"https:\/\/casadolivreiro.pt\/index.php\/product\/o-bem-amado-dias-gomes\/","title":{"rendered":"O BEM-AMADO &#8211; Dias Gomes"},"content":{"rendered":"<p>O BEM-AMADO<\/p>\n<p>Dias Gomes<\/p>\n<p>Ano de edi\u00e7\u00e3o: 1984<\/p>\n<p>Editor: Circulo de Leitores<\/p>\n<p>Idioma: Portugu\u00eas<\/p>\n<p>Dimens\u00f5es: 12 x 0.8 x 20.5 cm<\/p>\n<p>Encaderna\u00e7\u00e3o: Capa dura<\/p>\n<p>P\u00e1ginas: 103<\/p>\n","protected":false},"excerpt":{"rendered":"<p>O BEM-AMADO Dias Gomes Ano de edi\u00e7\u00e3o: 1984 Editor: Circulo de Leitores Idioma: Portugu\u00eas Dimens\u00f5es: 12 x 0.8 x 20.5 cm Encaderna\u00e7\u00e3o: Capa dura P\u00e1ginas: 103<\/p>\n","protected":false},"featured_media":6029,"comment_status":"open","ping_status":"closed","template":"","meta":{"om_disable_all_campaigns":false,"_monsterinsights_skip_tracking":false,"_monsterinsights_sitenote_active":false,"_monsterinsights_sitenote_note":"","_monsterinsights_sitenote_category":0,"_uf_show_specific_survey":0,"_uf_disable_surveys":false},"product_cat":[25],"product_tag":[],"aioseo_notices":[],"jetpack_sharing_enabled":true,"_links":{"self":[{"href":"https:\/\/casadolivreiro.pt\/index.php\/wp-json\/wp\/v2\/product\/6028"}],"collection":[{"href":"https:\/\/casadolivreiro.pt\/index.php\/wp-json\/wp\/v2\/product"}],"about":[{"href":"https:\/\/casadolivreiro.pt\/index.php\/wp-json\/wp\/v2\/types\/product"}],"replies":[{"embeddable":true,"href":"https:\/\/casadolivreiro.pt\/index.php\/wp-json\/wp\/v2\/comments?post=6028"}],"wp:featuredmedia":[{"embeddable":true,"href":"https:\/\/casadolivreiro.pt\/index.php\/wp-json\/wp\/v2\/media\/6029"}],"wp:attachment":[{"href":"https:\/\/casadolivreiro.pt\/index.php\/wp-json\/wp\/v2\/media?parent=6028"}],"wp:term":[{"taxonomy":"product_cat","embeddable":true,"href":"https:\/\/casadolivreiro.pt\/index.php\/wp-json\/wp\/v2\/product_cat?post=6028"},{"taxonomy":"product_tag","embeddable":true,"href":"https:\/\/casadolivreiro.pt\/index.php\/wp-json\/wp\/v2\/product_tag?post=6028"}],"curies":[{"name":"wp","href":"https:\/\/api.w.org\/{rel}","templated":true}]}}