{"id":6021,"date":"2026-01-27T16:02:57","date_gmt":"2026-01-27T16:02:57","guid":{"rendered":"https:\/\/casadolivreiro.pt\/?post_type=product&#038;p=6021"},"modified":"2026-01-27T16:02:57","modified_gmt":"2026-01-27T16:02:57","slug":"viagens-na-minha-terra-almeida-garrett","status":"publish","type":"product","link":"https:\/\/casadolivreiro.pt\/index.php\/product\/viagens-na-minha-terra-almeida-garrett\/","title":{"rendered":"VIAGENS NA MINHA TERRA &#8211; Almeida Garrett"},"content":{"rendered":"<p>VIAGENS NA MINHA TERRA<\/p>\n<p>Almeida Garrett<\/p>\n<p>Ano de edi\u00e7\u00e3o:<\/p>\n<p>Editor: Editora Ulisseia (Biblioteca Ulisseia)<\/p>\n<p>Idioma: Portugu\u00eas<\/p>\n<p>Dimens\u00f5es: 12 x 1.3 x 18.5 cm<\/p>\n<p>Encaderna\u00e7\u00e3o: Capa mole<\/p>\n<p>P\u00e1ginas: 255<\/p>\n","protected":false},"excerpt":{"rendered":"<p>VIAGENS NA MINHA TERRA Almeida Garrett Ano de edi\u00e7\u00e3o: Editor: Editora Ulisseia (Biblioteca Ulisseia) Idioma: Portugu\u00eas Dimens\u00f5es: 12 x 1.3 x 18.5 cm Encaderna\u00e7\u00e3o: Capa mole P\u00e1ginas: 255<\/p>\n","protected":false},"featured_media":6022,"comment_status":"open","ping_status":"closed","template":"","meta":{"om_disable_all_campaigns":false,"_monsterinsights_skip_tracking":false,"_monsterinsights_sitenote_active":false,"_monsterinsights_sitenote_note":"","_monsterinsights_sitenote_category":0,"_uf_show_specific_survey":0,"_uf_disable_surveys":false},"product_cat":[25],"product_tag":[],"aioseo_notices":[],"jetpack_sharing_enabled":true,"_links":{"self":[{"href":"https:\/\/casadolivreiro.pt\/index.php\/wp-json\/wp\/v2\/product\/6021"}],"collection":[{"href":"https:\/\/casadolivreiro.pt\/index.php\/wp-json\/wp\/v2\/product"}],"about":[{"href":"https:\/\/casadolivreiro.pt\/index.php\/wp-json\/wp\/v2\/types\/product"}],"replies":[{"embeddable":true,"href":"https:\/\/casadolivreiro.pt\/index.php\/wp-json\/wp\/v2\/comments?post=6021"}],"wp:featuredmedia":[{"embeddable":true,"href":"https:\/\/casadolivreiro.pt\/index.php\/wp-json\/wp\/v2\/media\/6022"}],"wp:attachment":[{"href":"https:\/\/casadolivreiro.pt\/index.php\/wp-json\/wp\/v2\/media?parent=6021"}],"wp:term":[{"taxonomy":"product_cat","embeddable":true,"href":"https:\/\/casadolivreiro.pt\/index.php\/wp-json\/wp\/v2\/product_cat?post=6021"},{"taxonomy":"product_tag","embeddable":true,"href":"https:\/\/casadolivreiro.pt\/index.php\/wp-json\/wp\/v2\/product_tag?post=6021"}],"curies":[{"name":"wp","href":"https:\/\/api.w.org\/{rel}","templated":true}]}}