{"id":6017,"date":"2026-01-27T15:58:41","date_gmt":"2026-01-27T15:58:41","guid":{"rendered":"https:\/\/casadolivreiro.pt\/?post_type=product&#038;p=6017"},"modified":"2026-01-27T15:58:41","modified_gmt":"2026-01-27T15:58:41","slug":"o-prenuncio-das-aguas-rosa-lobato-de-faria","status":"publish","type":"product","link":"https:\/\/casadolivreiro.pt\/index.php\/product\/o-prenuncio-das-aguas-rosa-lobato-de-faria\/","title":{"rendered":"O PREN\u00daNCIO DAS \u00c1GUAS &#8211; Rosa Lobato de Faria"},"content":{"rendered":"<p>O PREN\u00daNCIO DAS \u00c1GUAS<\/p>\n<p>Rosa Lobato de Faria<\/p>\n<p>Ano de edi\u00e7\u00e3o: 2003<\/p>\n<p>Editor: ASA Editores, S.A.<\/p>\n<p>Idioma: Portugu\u00eas<\/p>\n<p>Dimens\u00f5es: 11 x 1.3 x 18 cm<\/p>\n<p>Encaderna\u00e7\u00e3o: Capa mole<\/p>\n<p>P\u00e1ginas: 216<\/p>\n","protected":false},"excerpt":{"rendered":"<p>O PREN\u00daNCIO DAS \u00c1GUAS Rosa Lobato de Faria Ano de edi\u00e7\u00e3o: 2003 Editor: ASA Editores, S.A. Idioma: Portugu\u00eas Dimens\u00f5es: 11 x 1.3 x 18 cm Encaderna\u00e7\u00e3o: Capa mole P\u00e1ginas: 216<\/p>\n","protected":false},"featured_media":6018,"comment_status":"open","ping_status":"closed","template":"","meta":{"om_disable_all_campaigns":false,"_monsterinsights_skip_tracking":false,"_monsterinsights_sitenote_active":false,"_monsterinsights_sitenote_note":"","_monsterinsights_sitenote_category":0,"_uf_show_specific_survey":0,"_uf_disable_surveys":false},"product_cat":[25],"product_tag":[],"aioseo_notices":[],"jetpack_sharing_enabled":true,"_links":{"self":[{"href":"https:\/\/casadolivreiro.pt\/index.php\/wp-json\/wp\/v2\/product\/6017"}],"collection":[{"href":"https:\/\/casadolivreiro.pt\/index.php\/wp-json\/wp\/v2\/product"}],"about":[{"href":"https:\/\/casadolivreiro.pt\/index.php\/wp-json\/wp\/v2\/types\/product"}],"replies":[{"embeddable":true,"href":"https:\/\/casadolivreiro.pt\/index.php\/wp-json\/wp\/v2\/comments?post=6017"}],"wp:featuredmedia":[{"embeddable":true,"href":"https:\/\/casadolivreiro.pt\/index.php\/wp-json\/wp\/v2\/media\/6018"}],"wp:attachment":[{"href":"https:\/\/casadolivreiro.pt\/index.php\/wp-json\/wp\/v2\/media?parent=6017"}],"wp:term":[{"taxonomy":"product_cat","embeddable":true,"href":"https:\/\/casadolivreiro.pt\/index.php\/wp-json\/wp\/v2\/product_cat?post=6017"},{"taxonomy":"product_tag","embeddable":true,"href":"https:\/\/casadolivreiro.pt\/index.php\/wp-json\/wp\/v2\/product_tag?post=6017"}],"curies":[{"name":"wp","href":"https:\/\/api.w.org\/{rel}","templated":true}]}}