{"id":6002,"date":"2026-01-19T18:04:59","date_gmt":"2026-01-19T18:04:59","guid":{"rendered":"https:\/\/casadolivreiro.pt\/?post_type=product&#038;p=6002"},"modified":"2026-01-19T18:04:59","modified_gmt":"2026-01-19T18:04:59","slug":"cachorros-cachorrinhos-maria-de-sao-pedro-concha-de-almeida-lima-rodrigues-luis-pessoa-pepita-tristao","status":"publish","type":"product","link":"https:\/\/casadolivreiro.pt\/index.php\/product\/cachorros-cachorrinhos-maria-de-sao-pedro-concha-de-almeida-lima-rodrigues-luis-pessoa-pepita-tristao\/","title":{"rendered":"CACHORROS, CACHORRINHOS &#8211; Maria De S\u00e3o Pedro, Concha De Almeida, Lima Rodrigues, Luis Pessoa, Pepita Trist\u00e3o"},"content":{"rendered":"<p>CACHORROS, CACHORRINHOS<\/p>\n<p>Maria De S\u00e3o Pedro, Concha De Almeida, Lima Rodrigues, Luis Pessoa, Pepita Trist\u00e3o<\/p>\n<p>Ano de edi\u00e7\u00e3o: 2001<\/p>\n<p>Editor: Hugin<\/p>\n<p>Idioma: Portugu\u00eas<\/p>\n<p>Dimens\u00f5es: 13.5 x 1 x 22 cm<\/p>\n<p>Encaderna\u00e7\u00e3o: Capa mole<\/p>\n<p>P\u00e1ginas: 111<\/p>\n","protected":false},"excerpt":{"rendered":"<p>CACHORROS, CACHORRINHOS Maria De S\u00e3o Pedro, Concha De Almeida, Lima Rodrigues, Luis Pessoa, Pepita Trist\u00e3o Ano de edi\u00e7\u00e3o: 2001 Editor: Hugin Idioma: Portugu\u00eas Dimens\u00f5es: 13.5 x 1 x 22 cm Encaderna\u00e7\u00e3o: Capa mole P\u00e1ginas: 111<\/p>\n","protected":false},"featured_media":6003,"comment_status":"open","ping_status":"closed","template":"","meta":{"om_disable_all_campaigns":false,"_monsterinsights_skip_tracking":false,"_monsterinsights_sitenote_active":false,"_monsterinsights_sitenote_note":"","_monsterinsights_sitenote_category":0,"_uf_show_specific_survey":0,"_uf_disable_surveys":false},"product_cat":[25],"product_tag":[],"aioseo_notices":[],"jetpack_sharing_enabled":true,"_links":{"self":[{"href":"https:\/\/casadolivreiro.pt\/index.php\/wp-json\/wp\/v2\/product\/6002"}],"collection":[{"href":"https:\/\/casadolivreiro.pt\/index.php\/wp-json\/wp\/v2\/product"}],"about":[{"href":"https:\/\/casadolivreiro.pt\/index.php\/wp-json\/wp\/v2\/types\/product"}],"replies":[{"embeddable":true,"href":"https:\/\/casadolivreiro.pt\/index.php\/wp-json\/wp\/v2\/comments?post=6002"}],"wp:featuredmedia":[{"embeddable":true,"href":"https:\/\/casadolivreiro.pt\/index.php\/wp-json\/wp\/v2\/media\/6003"}],"wp:attachment":[{"href":"https:\/\/casadolivreiro.pt\/index.php\/wp-json\/wp\/v2\/media?parent=6002"}],"wp:term":[{"taxonomy":"product_cat","embeddable":true,"href":"https:\/\/casadolivreiro.pt\/index.php\/wp-json\/wp\/v2\/product_cat?post=6002"},{"taxonomy":"product_tag","embeddable":true,"href":"https:\/\/casadolivreiro.pt\/index.php\/wp-json\/wp\/v2\/product_tag?post=6002"}],"curies":[{"name":"wp","href":"https:\/\/api.w.org\/{rel}","templated":true}]}}