{"id":5990,"date":"2026-01-19T17:55:02","date_gmt":"2026-01-19T17:55:02","guid":{"rendered":"https:\/\/casadolivreiro.pt\/?post_type=product&#038;p=5990"},"modified":"2026-01-19T17:55:02","modified_gmt":"2026-01-19T17:55:02","slug":"os-amantes-e-outros-contos-david-mourao-ferreira","status":"publish","type":"product","link":"https:\/\/casadolivreiro.pt\/index.php\/product\/os-amantes-e-outros-contos-david-mourao-ferreira\/","title":{"rendered":"OS AMANTES E OUTROS CONTOS David Mour\u00e3o-Ferreira"},"content":{"rendered":"<p>OS AMANTES E OUTROS CONTOS<\/p>\n<p>David Mour\u00e3o-Ferreira<\/p>\n<p>Ano de edi\u00e7\u00e3o: 1992<\/p>\n<p>Editor: Editorial Presen\u00e7a<\/p>\n<p>Idioma: Portugu\u00eas<\/p>\n<p>Dimens\u00f5es: 13.5 x 1 x 21 cm<\/p>\n<p>Encaderna\u00e7\u00e3o: Capa mole<\/p>\n<p>P\u00e1ginas: 133<\/p>\n","protected":false},"excerpt":{"rendered":"<p>OS AMANTES E OUTROS CONTOS David Mour\u00e3o-Ferreira Ano de edi\u00e7\u00e3o: 1992 Editor: Editorial Presen\u00e7a Idioma: Portugu\u00eas Dimens\u00f5es: 13.5 x 1 x 21 cm Encaderna\u00e7\u00e3o: Capa mole P\u00e1ginas: 133<\/p>\n","protected":false},"featured_media":5991,"comment_status":"open","ping_status":"closed","template":"","meta":{"om_disable_all_campaigns":false,"_monsterinsights_skip_tracking":false,"_monsterinsights_sitenote_active":false,"_monsterinsights_sitenote_note":"","_monsterinsights_sitenote_category":0,"_uf_show_specific_survey":0,"_uf_disable_surveys":false},"product_cat":[25],"product_tag":[],"aioseo_notices":[],"jetpack_sharing_enabled":true,"_links":{"self":[{"href":"https:\/\/casadolivreiro.pt\/index.php\/wp-json\/wp\/v2\/product\/5990"}],"collection":[{"href":"https:\/\/casadolivreiro.pt\/index.php\/wp-json\/wp\/v2\/product"}],"about":[{"href":"https:\/\/casadolivreiro.pt\/index.php\/wp-json\/wp\/v2\/types\/product"}],"replies":[{"embeddable":true,"href":"https:\/\/casadolivreiro.pt\/index.php\/wp-json\/wp\/v2\/comments?post=5990"}],"wp:featuredmedia":[{"embeddable":true,"href":"https:\/\/casadolivreiro.pt\/index.php\/wp-json\/wp\/v2\/media\/5991"}],"wp:attachment":[{"href":"https:\/\/casadolivreiro.pt\/index.php\/wp-json\/wp\/v2\/media?parent=5990"}],"wp:term":[{"taxonomy":"product_cat","embeddable":true,"href":"https:\/\/casadolivreiro.pt\/index.php\/wp-json\/wp\/v2\/product_cat?post=5990"},{"taxonomy":"product_tag","embeddable":true,"href":"https:\/\/casadolivreiro.pt\/index.php\/wp-json\/wp\/v2\/product_tag?post=5990"}],"curies":[{"name":"wp","href":"https:\/\/api.w.org\/{rel}","templated":true}]}}