{"id":5988,"date":"2026-01-19T17:53:14","date_gmt":"2026-01-19T17:53:14","guid":{"rendered":"https:\/\/casadolivreiro.pt\/?post_type=product&#038;p=5988"},"modified":"2026-01-19T17:53:14","modified_gmt":"2026-01-19T17:53:14","slug":"comensais-eliane-morais-araujo","status":"publish","type":"product","link":"https:\/\/casadolivreiro.pt\/index.php\/product\/comensais-eliane-morais-araujo\/","title":{"rendered":"COMENSAIS &#8211; Eliane Morais Ara\u00fajo"},"content":{"rendered":"<p>COMENSAIS<\/p>\n<p>Eliane Morais Ara\u00fajo<\/p>\n<p>Ano de edi\u00e7\u00e3o: 2014<\/p>\n<p>Editor: Academia Sambentuense<\/p>\n<p>Idioma: Portugu\u00eas<\/p>\n<p>Dimens\u00f5es: 15.5 x 1.8 x 21.5 cm<\/p>\n<p>Encaderna\u00e7\u00e3o: Capa mole<\/p>\n<p>P\u00e1ginas: 333<\/p>\n","protected":false},"excerpt":{"rendered":"<p>COMENSAIS Eliane Morais Ara\u00fajo Ano de edi\u00e7\u00e3o: 2014 Editor: Academia Sambentuense Idioma: Portugu\u00eas Dimens\u00f5es: 15.5 x 1.8 x 21.5 cm Encaderna\u00e7\u00e3o: Capa mole P\u00e1ginas: 333<\/p>\n","protected":false},"featured_media":5989,"comment_status":"open","ping_status":"closed","template":"","meta":{"om_disable_all_campaigns":false,"_monsterinsights_skip_tracking":false,"_monsterinsights_sitenote_active":false,"_monsterinsights_sitenote_note":"","_monsterinsights_sitenote_category":0,"_uf_show_specific_survey":0,"_uf_disable_surveys":false},"product_cat":[25],"product_tag":[],"aioseo_notices":[],"jetpack_sharing_enabled":true,"_links":{"self":[{"href":"https:\/\/casadolivreiro.pt\/index.php\/wp-json\/wp\/v2\/product\/5988"}],"collection":[{"href":"https:\/\/casadolivreiro.pt\/index.php\/wp-json\/wp\/v2\/product"}],"about":[{"href":"https:\/\/casadolivreiro.pt\/index.php\/wp-json\/wp\/v2\/types\/product"}],"replies":[{"embeddable":true,"href":"https:\/\/casadolivreiro.pt\/index.php\/wp-json\/wp\/v2\/comments?post=5988"}],"wp:featuredmedia":[{"embeddable":true,"href":"https:\/\/casadolivreiro.pt\/index.php\/wp-json\/wp\/v2\/media\/5989"}],"wp:attachment":[{"href":"https:\/\/casadolivreiro.pt\/index.php\/wp-json\/wp\/v2\/media?parent=5988"}],"wp:term":[{"taxonomy":"product_cat","embeddable":true,"href":"https:\/\/casadolivreiro.pt\/index.php\/wp-json\/wp\/v2\/product_cat?post=5988"},{"taxonomy":"product_tag","embeddable":true,"href":"https:\/\/casadolivreiro.pt\/index.php\/wp-json\/wp\/v2\/product_tag?post=5988"}],"curies":[{"name":"wp","href":"https:\/\/api.w.org\/{rel}","templated":true}]}}