{"id":5984,"date":"2026-01-19T17:49:08","date_gmt":"2026-01-19T17:49:08","guid":{"rendered":"https:\/\/casadolivreiro.pt\/?post_type=product&#038;p=5984"},"modified":"2026-01-19T17:49:08","modified_gmt":"2026-01-19T17:49:08","slug":"vesperas-de-natal-contos-varios-autores","status":"publish","type":"product","link":"https:\/\/casadolivreiro.pt\/index.php\/product\/vesperas-de-natal-contos-varios-autores\/","title":{"rendered":"VESPERAS DE NATAL: CONTOS &#8211; V\u00e1rios autores"},"content":{"rendered":"<p>VESPERAS DE NATAL: CONTOS<\/p>\n<p>V\u00e1rios autores<\/p>\n<p>Ano de edi\u00e7\u00e3o: 2002<\/p>\n<p>Editor: Dom Quixote<\/p>\n<p>Idioma: Portugu\u00eas<\/p>\n<p>Dimens\u00f5es: 13.5 x 1 x 21 cm<\/p>\n<p>Encaderna\u00e7\u00e3o: Capa mole<\/p>\n<p>P\u00e1ginas: 112<\/p>\n","protected":false},"excerpt":{"rendered":"<p>VESPERAS DE NATAL: CONTOS V\u00e1rios autores Ano de edi\u00e7\u00e3o: 2002 Editor: Dom Quixote Idioma: Portugu\u00eas Dimens\u00f5es: 13.5 x 1 x 21 cm Encaderna\u00e7\u00e3o: Capa mole P\u00e1ginas: 112<\/p>\n","protected":false},"featured_media":5985,"comment_status":"open","ping_status":"closed","template":"","meta":{"om_disable_all_campaigns":false,"_monsterinsights_skip_tracking":false,"_monsterinsights_sitenote_active":false,"_monsterinsights_sitenote_note":"","_monsterinsights_sitenote_category":0,"_uf_show_specific_survey":0,"_uf_disable_surveys":false},"product_cat":[25],"product_tag":[],"aioseo_notices":[],"jetpack_sharing_enabled":true,"_links":{"self":[{"href":"https:\/\/casadolivreiro.pt\/index.php\/wp-json\/wp\/v2\/product\/5984"}],"collection":[{"href":"https:\/\/casadolivreiro.pt\/index.php\/wp-json\/wp\/v2\/product"}],"about":[{"href":"https:\/\/casadolivreiro.pt\/index.php\/wp-json\/wp\/v2\/types\/product"}],"replies":[{"embeddable":true,"href":"https:\/\/casadolivreiro.pt\/index.php\/wp-json\/wp\/v2\/comments?post=5984"}],"wp:featuredmedia":[{"embeddable":true,"href":"https:\/\/casadolivreiro.pt\/index.php\/wp-json\/wp\/v2\/media\/5985"}],"wp:attachment":[{"href":"https:\/\/casadolivreiro.pt\/index.php\/wp-json\/wp\/v2\/media?parent=5984"}],"wp:term":[{"taxonomy":"product_cat","embeddable":true,"href":"https:\/\/casadolivreiro.pt\/index.php\/wp-json\/wp\/v2\/product_cat?post=5984"},{"taxonomy":"product_tag","embeddable":true,"href":"https:\/\/casadolivreiro.pt\/index.php\/wp-json\/wp\/v2\/product_tag?post=5984"}],"curies":[{"name":"wp","href":"https:\/\/api.w.org\/{rel}","templated":true}]}}