{"id":598,"date":"2024-03-15T12:26:46","date_gmt":"2024-03-15T12:26:46","guid":{"rendered":"https:\/\/casadolivreiro.pt\/?post_type=product&#038;p=598"},"modified":"2024-03-15T12:26:46","modified_gmt":"2024-03-15T12:26:46","slug":"charles-chaplin-wolfram-tichy","status":"publish","type":"product","link":"https:\/\/casadolivreiro.pt\/index.php\/product\/charles-chaplin-wolfram-tichy\/","title":{"rendered":"CHARLES CHAPLIN &#8211; Wolfram Tichy"},"content":{"rendered":"<p>CHARLES CHAPLIN<br \/>\nWolfram Tichy<br \/>\nTradu\u00e7\u00e3o de Adriano Zih\u00e3o<br \/>\nPrimeira edi\u00e7\u00e3o<br \/>\nAno de edi\u00e7\u00e3o: 1974<br \/>\nEditor: Circulo de Leitores Lda.<br \/>\nIdioma: Portugu\u00eas<br \/>\nDimens\u00f5es: 13 x 1.5 x 20 cm<br \/>\nEncaderna\u00e7\u00e3o: Capa dura<br \/>\nP\u00e1ginas: 161<\/p>\n<p>Apresenta\u00e7\u00e3o de uma biografia que sabe manter-se dentro das linhas de um indissoci\u00e1vel e justo equil\u00edlibrio, e tal foi a tarefa a que se entregou Wolfram Tichy que, a partir dos primeiros filmes c\u00f3micos de Chaplin, tra\u00e7a a evolu\u00e7\u00e3o do vagabundo, personagem que encontra a sua conclus\u00e3o ainda durante esse per\u00edodo.<\/p>\n<p>A seguir, o autor desta biografia prefere remeter osleitores interessados para a abundante literatura existente e aflorar alguns aspectos fulcrais na evolu\u00e7\u00e3o de Chaplin que, at\u00e9 agora, n\u00e3o haviam merecido o tratamento adequado, pretendendo, sobretudo, &#8220;lan\u00e7a uma ponte para os pr\u00f3prios filmes, dao que s\u00f3 eles dvem importar numa an\u00e1lise do c\u00f3mico cinematogr\u00e1fico Charles Chaplin&#8221;.<\/p>\n","protected":false},"excerpt":{"rendered":"<p>CHARLES CHAPLIN Wolfram Tichy Tradu\u00e7\u00e3o de Adriano Zih\u00e3o Primeira edi\u00e7\u00e3o Ano de edi\u00e7\u00e3o: 1974 Editor: Circulo de Leitores Lda. Idioma: Portugu\u00eas Dimens\u00f5es: 13 x 1.5 x 20 cm Encaderna\u00e7\u00e3o: Capa dura P\u00e1ginas: 161 Apresenta\u00e7\u00e3o de uma biografia que sabe manter-se dentro das linhas de um indissoci\u00e1vel e justo equil\u00edlibrio, e tal foi a tarefa a [&hellip;]<\/p>\n","protected":false},"featured_media":599,"comment_status":"open","ping_status":"closed","template":"","meta":{"om_disable_all_campaigns":false,"_monsterinsights_skip_tracking":false,"_monsterinsights_sitenote_active":false,"_monsterinsights_sitenote_note":"","_monsterinsights_sitenote_category":0,"_uf_show_specific_survey":0,"_uf_disable_surveys":false},"product_cat":[24,28,62],"product_tag":[],"aioseo_notices":[],"jetpack_sharing_enabled":true,"_links":{"self":[{"href":"https:\/\/casadolivreiro.pt\/index.php\/wp-json\/wp\/v2\/product\/598"}],"collection":[{"href":"https:\/\/casadolivreiro.pt\/index.php\/wp-json\/wp\/v2\/product"}],"about":[{"href":"https:\/\/casadolivreiro.pt\/index.php\/wp-json\/wp\/v2\/types\/product"}],"replies":[{"embeddable":true,"href":"https:\/\/casadolivreiro.pt\/index.php\/wp-json\/wp\/v2\/comments?post=598"}],"wp:featuredmedia":[{"embeddable":true,"href":"https:\/\/casadolivreiro.pt\/index.php\/wp-json\/wp\/v2\/media\/599"}],"wp:attachment":[{"href":"https:\/\/casadolivreiro.pt\/index.php\/wp-json\/wp\/v2\/media?parent=598"}],"wp:term":[{"taxonomy":"product_cat","embeddable":true,"href":"https:\/\/casadolivreiro.pt\/index.php\/wp-json\/wp\/v2\/product_cat?post=598"},{"taxonomy":"product_tag","embeddable":true,"href":"https:\/\/casadolivreiro.pt\/index.php\/wp-json\/wp\/v2\/product_tag?post=598"}],"curies":[{"name":"wp","href":"https:\/\/api.w.org\/{rel}","templated":true}]}}