{"id":5976,"date":"2026-01-19T17:34:03","date_gmt":"2026-01-19T17:34:03","guid":{"rendered":"https:\/\/casadolivreiro.pt\/?post_type=product&#038;p=5976"},"modified":"2026-01-19T17:34:03","modified_gmt":"2026-01-19T17:34:03","slug":"arrabaldo-do-norte-x-l-mendez-ferrin","status":"publish","type":"product","link":"https:\/\/casadolivreiro.pt\/index.php\/product\/arrabaldo-do-norte-x-l-mendez-ferrin\/","title":{"rendered":"ARRABALDO DO NORTE &#8211; X.L. Mendez Ferrin"},"content":{"rendered":"<p>ARRABALDO DO NORTE<\/p>\n<p>X.L. Mendez Ferrin<\/p>\n<p>Ano de edi\u00e7\u00e3o: 1964 (1.\u00aa edi\u00e7\u00e3o)<\/p>\n<p>Editor: Editorial Galaxia<\/p>\n<p>Idioma: Portugu\u00eas<\/p>\n<p>Dimens\u00f5es: 12.5 x 1 x 19.5 cm<\/p>\n<p>Encaderna\u00e7\u00e3o: Capa mole<\/p>\n<p>P\u00e1ginas: 153<\/p>\n","protected":false},"excerpt":{"rendered":"<p>ARRABALDO DO NORTE X.L. Mendez Ferrin Ano de edi\u00e7\u00e3o: 1964 (1.\u00aa edi\u00e7\u00e3o) Editor: Editorial Galaxia Idioma: Portugu\u00eas Dimens\u00f5es: 12.5 x 1 x 19.5 cm Encaderna\u00e7\u00e3o: Capa mole P\u00e1ginas: 153<\/p>\n","protected":false},"featured_media":5977,"comment_status":"open","ping_status":"closed","template":"","meta":{"om_disable_all_campaigns":false,"_monsterinsights_skip_tracking":false,"_monsterinsights_sitenote_active":false,"_monsterinsights_sitenote_note":"","_monsterinsights_sitenote_category":0,"_uf_show_specific_survey":0,"_uf_disable_surveys":false},"product_cat":[25],"product_tag":[],"aioseo_notices":[],"jetpack_sharing_enabled":true,"_links":{"self":[{"href":"https:\/\/casadolivreiro.pt\/index.php\/wp-json\/wp\/v2\/product\/5976"}],"collection":[{"href":"https:\/\/casadolivreiro.pt\/index.php\/wp-json\/wp\/v2\/product"}],"about":[{"href":"https:\/\/casadolivreiro.pt\/index.php\/wp-json\/wp\/v2\/types\/product"}],"replies":[{"embeddable":true,"href":"https:\/\/casadolivreiro.pt\/index.php\/wp-json\/wp\/v2\/comments?post=5976"}],"wp:featuredmedia":[{"embeddable":true,"href":"https:\/\/casadolivreiro.pt\/index.php\/wp-json\/wp\/v2\/media\/5977"}],"wp:attachment":[{"href":"https:\/\/casadolivreiro.pt\/index.php\/wp-json\/wp\/v2\/media?parent=5976"}],"wp:term":[{"taxonomy":"product_cat","embeddable":true,"href":"https:\/\/casadolivreiro.pt\/index.php\/wp-json\/wp\/v2\/product_cat?post=5976"},{"taxonomy":"product_tag","embeddable":true,"href":"https:\/\/casadolivreiro.pt\/index.php\/wp-json\/wp\/v2\/product_tag?post=5976"}],"curies":[{"name":"wp","href":"https:\/\/api.w.org\/{rel}","templated":true}]}}