{"id":5974,"date":"2026-01-19T17:32:04","date_gmt":"2026-01-19T17:32:04","guid":{"rendered":"https:\/\/casadolivreiro.pt\/?post_type=product&#038;p=5974"},"modified":"2026-01-19T17:32:05","modified_gmt":"2026-01-19T17:32:05","slug":"o-misterio-da-estrada-de-sintra-eca-de-queiros-ramalho-ortigao","status":"publish","type":"product","link":"https:\/\/casadolivreiro.pt\/index.php\/product\/o-misterio-da-estrada-de-sintra-eca-de-queiros-ramalho-ortigao\/","title":{"rendered":"O MIST\u00c9RIO DA ESTRADA DE SINTRA &#8211; E\u00e7a de Queir\u00f3s \/ Ramalho Ortig\u00e3o"},"content":{"rendered":"<p>O MIST\u00c9RIO DA ESTRADA DE SINTRA<\/p>\n<p>E\u00e7a de Queir\u00f3s \/ Ramalho Ortig\u00e3o<\/p>\n<p>Ano de edi\u00e7\u00e3o: 2000<\/p>\n<p>Editor: Europa-Am\u00e9rica<\/p>\n<p>Idioma: Portugu\u00eas<\/p>\n<p>Dimens\u00f5es: 12 x 1 x 20.5 cm<\/p>\n<p>Encaderna\u00e7\u00e3o: Capa mole<\/p>\n<p>P\u00e1ginas: 159<\/p>\n","protected":false},"excerpt":{"rendered":"<p>O MIST\u00c9RIO DA ESTRADA DE SINTRA E\u00e7a de Queir\u00f3s \/ Ramalho Ortig\u00e3o Ano de edi\u00e7\u00e3o: 2000 Editor: Europa-Am\u00e9rica Idioma: Portugu\u00eas Dimens\u00f5es: 12 x 1 x 20.5 cm Encaderna\u00e7\u00e3o: Capa mole P\u00e1ginas: 159<\/p>\n","protected":false},"featured_media":5975,"comment_status":"open","ping_status":"closed","template":"","meta":{"om_disable_all_campaigns":false,"_monsterinsights_skip_tracking":false,"_monsterinsights_sitenote_active":false,"_monsterinsights_sitenote_note":"","_monsterinsights_sitenote_category":0,"_uf_show_specific_survey":0,"_uf_disable_surveys":false},"product_cat":[25],"product_tag":[],"aioseo_notices":[],"jetpack_sharing_enabled":true,"_links":{"self":[{"href":"https:\/\/casadolivreiro.pt\/index.php\/wp-json\/wp\/v2\/product\/5974"}],"collection":[{"href":"https:\/\/casadolivreiro.pt\/index.php\/wp-json\/wp\/v2\/product"}],"about":[{"href":"https:\/\/casadolivreiro.pt\/index.php\/wp-json\/wp\/v2\/types\/product"}],"replies":[{"embeddable":true,"href":"https:\/\/casadolivreiro.pt\/index.php\/wp-json\/wp\/v2\/comments?post=5974"}],"wp:featuredmedia":[{"embeddable":true,"href":"https:\/\/casadolivreiro.pt\/index.php\/wp-json\/wp\/v2\/media\/5975"}],"wp:attachment":[{"href":"https:\/\/casadolivreiro.pt\/index.php\/wp-json\/wp\/v2\/media?parent=5974"}],"wp:term":[{"taxonomy":"product_cat","embeddable":true,"href":"https:\/\/casadolivreiro.pt\/index.php\/wp-json\/wp\/v2\/product_cat?post=5974"},{"taxonomy":"product_tag","embeddable":true,"href":"https:\/\/casadolivreiro.pt\/index.php\/wp-json\/wp\/v2\/product_tag?post=5974"}],"curies":[{"name":"wp","href":"https:\/\/api.w.org\/{rel}","templated":true}]}}