{"id":5972,"date":"2026-01-19T17:30:35","date_gmt":"2026-01-19T17:30:35","guid":{"rendered":"https:\/\/casadolivreiro.pt\/?post_type=product&#038;p=5972"},"modified":"2026-01-19T17:30:35","modified_gmt":"2026-01-19T17:30:35","slug":"coracao-coracao-maruja-torres","status":"publish","type":"product","link":"https:\/\/casadolivreiro.pt\/index.php\/product\/coracao-coracao-maruja-torres\/","title":{"rendered":"CORA\u00c7\u00c3O, CORA\u00c7\u00c3O &#8211; Maruja Torres"},"content":{"rendered":"<p>CORA\u00c7\u00c3O, CORA\u00c7\u00c3O<\/p>\n<p>Maruja Torres<\/p>\n<p>Ano de edi\u00e7\u00e3o: 1987<\/p>\n<p>Editor: Quetzal Editores, Lisboa<\/p>\n<p>Idioma: Portugu\u00eas<\/p>\n<p>Dimens\u00f5es: 13 x 1.4 x 21 cm<\/p>\n<p>Encaderna\u00e7\u00e3o: Capa mole<\/p>\n<p>P\u00e1ginas: 206<\/p>\n","protected":false},"excerpt":{"rendered":"<p>CORA\u00c7\u00c3O, CORA\u00c7\u00c3O Maruja Torres Ano de edi\u00e7\u00e3o: 1987 Editor: Quetzal Editores, Lisboa Idioma: Portugu\u00eas Dimens\u00f5es: 13 x 1.4 x 21 cm Encaderna\u00e7\u00e3o: Capa mole P\u00e1ginas: 206<\/p>\n","protected":false},"featured_media":5973,"comment_status":"open","ping_status":"closed","template":"","meta":{"om_disable_all_campaigns":false,"_monsterinsights_skip_tracking":false,"_monsterinsights_sitenote_active":false,"_monsterinsights_sitenote_note":"","_monsterinsights_sitenote_category":0,"_uf_show_specific_survey":0,"_uf_disable_surveys":false},"product_cat":[25],"product_tag":[],"aioseo_notices":[],"jetpack_sharing_enabled":true,"_links":{"self":[{"href":"https:\/\/casadolivreiro.pt\/index.php\/wp-json\/wp\/v2\/product\/5972"}],"collection":[{"href":"https:\/\/casadolivreiro.pt\/index.php\/wp-json\/wp\/v2\/product"}],"about":[{"href":"https:\/\/casadolivreiro.pt\/index.php\/wp-json\/wp\/v2\/types\/product"}],"replies":[{"embeddable":true,"href":"https:\/\/casadolivreiro.pt\/index.php\/wp-json\/wp\/v2\/comments?post=5972"}],"wp:featuredmedia":[{"embeddable":true,"href":"https:\/\/casadolivreiro.pt\/index.php\/wp-json\/wp\/v2\/media\/5973"}],"wp:attachment":[{"href":"https:\/\/casadolivreiro.pt\/index.php\/wp-json\/wp\/v2\/media?parent=5972"}],"wp:term":[{"taxonomy":"product_cat","embeddable":true,"href":"https:\/\/casadolivreiro.pt\/index.php\/wp-json\/wp\/v2\/product_cat?post=5972"},{"taxonomy":"product_tag","embeddable":true,"href":"https:\/\/casadolivreiro.pt\/index.php\/wp-json\/wp\/v2\/product_tag?post=5972"}],"curies":[{"name":"wp","href":"https:\/\/api.w.org\/{rel}","templated":true}]}}