{"id":5970,"date":"2026-01-19T17:28:59","date_gmt":"2026-01-19T17:28:59","guid":{"rendered":"https:\/\/casadolivreiro.pt\/?post_type=product&#038;p=5970"},"modified":"2026-01-19T17:28:59","modified_gmt":"2026-01-19T17:28:59","slug":"africa-revisitar-o-passado-maria-adelaide-queiroz","status":"publish","type":"product","link":"https:\/\/casadolivreiro.pt\/index.php\/product\/africa-revisitar-o-passado-maria-adelaide-queiroz\/","title":{"rendered":"\u00c1FRICA: REVISITAR O PASSADO &#8211; Maria Adelaide Queiroz"},"content":{"rendered":"<p>\u00c1FRICA: REVISITAR O PASSADO<\/p>\n<p>Maria Adelaide Queiroz<\/p>\n<p>Ano de edi\u00e7\u00e3o: 2020<\/p>\n<p>Editor: Dinalivro<\/p>\n<p>Idioma: Portugu\u00eas<\/p>\n<p>Dimens\u00f5es: 15 x 2.4 x 21 cm<\/p>\n<p>Encaderna\u00e7\u00e3o: Capa mole<\/p>\n<p>P\u00e1ginas: 364<\/p>\n","protected":false},"excerpt":{"rendered":"<p>\u00c1FRICA: REVISITAR O PASSADO Maria Adelaide Queiroz Ano de edi\u00e7\u00e3o: 2020 Editor: Dinalivro Idioma: Portugu\u00eas Dimens\u00f5es: 15 x 2.4 x 21 cm Encaderna\u00e7\u00e3o: Capa mole P\u00e1ginas: 364<\/p>\n","protected":false},"featured_media":5971,"comment_status":"open","ping_status":"closed","template":"","meta":{"om_disable_all_campaigns":false,"_monsterinsights_skip_tracking":false,"_monsterinsights_sitenote_active":false,"_monsterinsights_sitenote_note":"","_monsterinsights_sitenote_category":0,"_uf_show_specific_survey":0,"_uf_disable_surveys":false},"product_cat":[25,36],"product_tag":[],"aioseo_notices":[],"jetpack_sharing_enabled":true,"_links":{"self":[{"href":"https:\/\/casadolivreiro.pt\/index.php\/wp-json\/wp\/v2\/product\/5970"}],"collection":[{"href":"https:\/\/casadolivreiro.pt\/index.php\/wp-json\/wp\/v2\/product"}],"about":[{"href":"https:\/\/casadolivreiro.pt\/index.php\/wp-json\/wp\/v2\/types\/product"}],"replies":[{"embeddable":true,"href":"https:\/\/casadolivreiro.pt\/index.php\/wp-json\/wp\/v2\/comments?post=5970"}],"wp:featuredmedia":[{"embeddable":true,"href":"https:\/\/casadolivreiro.pt\/index.php\/wp-json\/wp\/v2\/media\/5971"}],"wp:attachment":[{"href":"https:\/\/casadolivreiro.pt\/index.php\/wp-json\/wp\/v2\/media?parent=5970"}],"wp:term":[{"taxonomy":"product_cat","embeddable":true,"href":"https:\/\/casadolivreiro.pt\/index.php\/wp-json\/wp\/v2\/product_cat?post=5970"},{"taxonomy":"product_tag","embeddable":true,"href":"https:\/\/casadolivreiro.pt\/index.php\/wp-json\/wp\/v2\/product_tag?post=5970"}],"curies":[{"name":"wp","href":"https:\/\/api.w.org\/{rel}","templated":true}]}}