{"id":5966,"date":"2026-01-19T17:25:26","date_gmt":"2026-01-19T17:25:26","guid":{"rendered":"https:\/\/casadolivreiro.pt\/?post_type=product&#038;p=5966"},"modified":"2026-01-19T17:25:26","modified_gmt":"2026-01-19T17:25:26","slug":"ricos-bonitos-e-loucos-manuel-arouca","status":"publish","type":"product","link":"https:\/\/casadolivreiro.pt\/index.php\/product\/ricos-bonitos-e-loucos-manuel-arouca\/","title":{"rendered":"RICOS, BONITOS, E LOUCOS &#8211; Manuel Arouca"},"content":{"rendered":"<p>RICOS, BONITOS, E LOUCOS<\/p>\n<p>Manuel Arouca<\/p>\n<p>Ano de edi\u00e7\u00e3o: 1987<\/p>\n<p>Editor: Quetzal Editores, Lisboa<\/p>\n<p>Idioma: Portugu\u00eas<\/p>\n<p>Dimens\u00f5es: 13 x 0.8 x 21 cm<\/p>\n<p>Encaderna\u00e7\u00e3o: Capa mole<\/p>\n<p>P\u00e1ginas: 120<\/p>\n","protected":false},"excerpt":{"rendered":"<p>RICOS, BONITOS, E LOUCOS Manuel Arouca Ano de edi\u00e7\u00e3o: 1987 Editor: Quetzal Editores, Lisboa Idioma: Portugu\u00eas Dimens\u00f5es: 13 x 0.8 x 21 cm Encaderna\u00e7\u00e3o: Capa mole P\u00e1ginas: 120<\/p>\n","protected":false},"featured_media":5967,"comment_status":"open","ping_status":"closed","template":"","meta":{"om_disable_all_campaigns":false,"_monsterinsights_skip_tracking":false,"_monsterinsights_sitenote_active":false,"_monsterinsights_sitenote_note":"","_monsterinsights_sitenote_category":0,"_uf_show_specific_survey":0,"_uf_disable_surveys":false},"product_cat":[25],"product_tag":[],"aioseo_notices":[],"jetpack_sharing_enabled":true,"_links":{"self":[{"href":"https:\/\/casadolivreiro.pt\/index.php\/wp-json\/wp\/v2\/product\/5966"}],"collection":[{"href":"https:\/\/casadolivreiro.pt\/index.php\/wp-json\/wp\/v2\/product"}],"about":[{"href":"https:\/\/casadolivreiro.pt\/index.php\/wp-json\/wp\/v2\/types\/product"}],"replies":[{"embeddable":true,"href":"https:\/\/casadolivreiro.pt\/index.php\/wp-json\/wp\/v2\/comments?post=5966"}],"wp:featuredmedia":[{"embeddable":true,"href":"https:\/\/casadolivreiro.pt\/index.php\/wp-json\/wp\/v2\/media\/5967"}],"wp:attachment":[{"href":"https:\/\/casadolivreiro.pt\/index.php\/wp-json\/wp\/v2\/media?parent=5966"}],"wp:term":[{"taxonomy":"product_cat","embeddable":true,"href":"https:\/\/casadolivreiro.pt\/index.php\/wp-json\/wp\/v2\/product_cat?post=5966"},{"taxonomy":"product_tag","embeddable":true,"href":"https:\/\/casadolivreiro.pt\/index.php\/wp-json\/wp\/v2\/product_tag?post=5966"}],"curies":[{"name":"wp","href":"https:\/\/api.w.org\/{rel}","templated":true}]}}