{"id":5964,"date":"2026-01-19T17:23:24","date_gmt":"2026-01-19T17:23:24","guid":{"rendered":"https:\/\/casadolivreiro.pt\/?post_type=product&#038;p=5964"},"modified":"2026-01-19T17:23:24","modified_gmt":"2026-01-19T17:23:24","slug":"o-pais-do-carnaval-jorge-amado","status":"publish","type":"product","link":"https:\/\/casadolivreiro.pt\/index.php\/product\/o-pais-do-carnaval-jorge-amado\/","title":{"rendered":"O PA\u00cdS DO CARNAVAL &#8211; Jorge Amado"},"content":{"rendered":"<p>O PA\u00cdS DO CARNAVAL<\/p>\n<p>Jorge Amado<\/p>\n<p>Ano de edi\u00e7\u00e3o: 1999<\/p>\n<p>Editor: Dom Quixote<\/p>\n<p>Idioma: Portugu\u00eas<\/p>\n<p>Dimens\u00f5es: 14.4 x 1 x 21 cm<\/p>\n<p>Encaderna\u00e7\u00e3o: Capa mole<\/p>\n<p>P\u00e1ginas: 153<\/p>\n","protected":false},"excerpt":{"rendered":"<p>O PA\u00cdS DO CARNAVAL Jorge Amado Ano de edi\u00e7\u00e3o: 1999 Editor: Dom Quixote Idioma: Portugu\u00eas Dimens\u00f5es: 14.4 x 1 x 21 cm Encaderna\u00e7\u00e3o: Capa mole P\u00e1ginas: 153<\/p>\n","protected":false},"featured_media":5965,"comment_status":"open","ping_status":"closed","template":"","meta":{"om_disable_all_campaigns":false,"_monsterinsights_skip_tracking":false,"_monsterinsights_sitenote_active":false,"_monsterinsights_sitenote_note":"","_monsterinsights_sitenote_category":0,"_uf_show_specific_survey":0,"_uf_disable_surveys":false},"product_cat":[25],"product_tag":[],"aioseo_notices":[],"jetpack_sharing_enabled":true,"_links":{"self":[{"href":"https:\/\/casadolivreiro.pt\/index.php\/wp-json\/wp\/v2\/product\/5964"}],"collection":[{"href":"https:\/\/casadolivreiro.pt\/index.php\/wp-json\/wp\/v2\/product"}],"about":[{"href":"https:\/\/casadolivreiro.pt\/index.php\/wp-json\/wp\/v2\/types\/product"}],"replies":[{"embeddable":true,"href":"https:\/\/casadolivreiro.pt\/index.php\/wp-json\/wp\/v2\/comments?post=5964"}],"wp:featuredmedia":[{"embeddable":true,"href":"https:\/\/casadolivreiro.pt\/index.php\/wp-json\/wp\/v2\/media\/5965"}],"wp:attachment":[{"href":"https:\/\/casadolivreiro.pt\/index.php\/wp-json\/wp\/v2\/media?parent=5964"}],"wp:term":[{"taxonomy":"product_cat","embeddable":true,"href":"https:\/\/casadolivreiro.pt\/index.php\/wp-json\/wp\/v2\/product_cat?post=5964"},{"taxonomy":"product_tag","embeddable":true,"href":"https:\/\/casadolivreiro.pt\/index.php\/wp-json\/wp\/v2\/product_tag?post=5964"}],"curies":[{"name":"wp","href":"https:\/\/api.w.org\/{rel}","templated":true}]}}