{"id":5962,"date":"2026-01-19T17:21:20","date_gmt":"2026-01-19T17:21:20","guid":{"rendered":"https:\/\/casadolivreiro.pt\/?post_type=product&#038;p=5962"},"modified":"2026-01-19T17:21:20","modified_gmt":"2026-01-19T17:21:20","slug":"uma-porta-abria-se-a-fogo-ana-filomena-amaral","status":"publish","type":"product","link":"https:\/\/casadolivreiro.pt\/index.php\/product\/uma-porta-abria-se-a-fogo-ana-filomena-amaral\/","title":{"rendered":"UMA PORTA ABRIA-SE A FOGO &#8211; Ana Filomena Amaral"},"content":{"rendered":"<p>UMA PORTA ABRIA-SE A FOGO<\/p>\n<p>Ana Filomena Amaral (autografada)<\/p>\n<p>Ano de edi\u00e7\u00e3o: 1981<\/p>\n<p>Editor: edi\u00e7\u00e3o da autora<\/p>\n<p>Idioma: Portugu\u00eas<\/p>\n<p>Dimens\u00f5es: 14.5 x 0.6 x 18.5 cm<\/p>\n<p>Encaderna\u00e7\u00e3o: Capa mole<\/p>\n<p>P\u00e1ginas: 78<\/p>\n","protected":false},"excerpt":{"rendered":"<p>UMA PORTA ABRIA-SE A FOGO Ana Filomena Amaral (autografada) Ano de edi\u00e7\u00e3o: 1981 Editor: edi\u00e7\u00e3o da autora Idioma: Portugu\u00eas Dimens\u00f5es: 14.5 x 0.6 x 18.5 cm Encaderna\u00e7\u00e3o: Capa mole P\u00e1ginas: 78<\/p>\n","protected":false},"featured_media":5963,"comment_status":"open","ping_status":"closed","template":"","meta":{"om_disable_all_campaigns":false,"_monsterinsights_skip_tracking":false,"_monsterinsights_sitenote_active":false,"_monsterinsights_sitenote_note":"","_monsterinsights_sitenote_category":0,"_uf_show_specific_survey":0,"_uf_disable_surveys":false},"product_cat":[25],"product_tag":[],"aioseo_notices":[],"jetpack_sharing_enabled":true,"_links":{"self":[{"href":"https:\/\/casadolivreiro.pt\/index.php\/wp-json\/wp\/v2\/product\/5962"}],"collection":[{"href":"https:\/\/casadolivreiro.pt\/index.php\/wp-json\/wp\/v2\/product"}],"about":[{"href":"https:\/\/casadolivreiro.pt\/index.php\/wp-json\/wp\/v2\/types\/product"}],"replies":[{"embeddable":true,"href":"https:\/\/casadolivreiro.pt\/index.php\/wp-json\/wp\/v2\/comments?post=5962"}],"wp:featuredmedia":[{"embeddable":true,"href":"https:\/\/casadolivreiro.pt\/index.php\/wp-json\/wp\/v2\/media\/5963"}],"wp:attachment":[{"href":"https:\/\/casadolivreiro.pt\/index.php\/wp-json\/wp\/v2\/media?parent=5962"}],"wp:term":[{"taxonomy":"product_cat","embeddable":true,"href":"https:\/\/casadolivreiro.pt\/index.php\/wp-json\/wp\/v2\/product_cat?post=5962"},{"taxonomy":"product_tag","embeddable":true,"href":"https:\/\/casadolivreiro.pt\/index.php\/wp-json\/wp\/v2\/product_tag?post=5962"}],"curies":[{"name":"wp","href":"https:\/\/api.w.org\/{rel}","templated":true}]}}