{"id":5960,"date":"2026-01-19T17:19:36","date_gmt":"2026-01-19T17:19:36","guid":{"rendered":"https:\/\/casadolivreiro.pt\/?post_type=product&#038;p=5960"},"modified":"2026-01-19T17:19:36","modified_gmt":"2026-01-19T17:19:36","slug":"lucrecia-rafael-dionisio","status":"publish","type":"product","link":"https:\/\/casadolivreiro.pt\/index.php\/product\/lucrecia-rafael-dionisio\/","title":{"rendered":"LUCR\u00c9CIA &#8211; Rafael Dionisio"},"content":{"rendered":"<p>LUCR\u00c9CIA<\/p>\n<p>Rafael Dionisio \u00a0(autografado)<\/p>\n<p>Ano de edi\u00e7\u00e3o: 2006<\/p>\n<p>Editor: Chili com Carne<\/p>\n<p>Idioma: Portugu\u00eas<\/p>\n<p>Dimens\u00f5es: 14.7 x 1.5 x 21 cm<\/p>\n<p>Encaderna\u00e7\u00e3o: Capa mole<\/p>\n<p>P\u00e1ginas: 253<\/p>\n","protected":false},"excerpt":{"rendered":"<p>LUCR\u00c9CIA Rafael Dionisio \u00a0(autografado) Ano de edi\u00e7\u00e3o: 2006 Editor: Chili com Carne Idioma: Portugu\u00eas Dimens\u00f5es: 14.7 x 1.5 x 21 cm Encaderna\u00e7\u00e3o: Capa mole P\u00e1ginas: 253<\/p>\n","protected":false},"featured_media":5961,"comment_status":"open","ping_status":"closed","template":"","meta":{"om_disable_all_campaigns":false,"_monsterinsights_skip_tracking":false,"_monsterinsights_sitenote_active":false,"_monsterinsights_sitenote_note":"","_monsterinsights_sitenote_category":0,"_uf_show_specific_survey":0,"_uf_disable_surveys":false},"product_cat":[25],"product_tag":[],"aioseo_notices":[],"jetpack_sharing_enabled":true,"_links":{"self":[{"href":"https:\/\/casadolivreiro.pt\/index.php\/wp-json\/wp\/v2\/product\/5960"}],"collection":[{"href":"https:\/\/casadolivreiro.pt\/index.php\/wp-json\/wp\/v2\/product"}],"about":[{"href":"https:\/\/casadolivreiro.pt\/index.php\/wp-json\/wp\/v2\/types\/product"}],"replies":[{"embeddable":true,"href":"https:\/\/casadolivreiro.pt\/index.php\/wp-json\/wp\/v2\/comments?post=5960"}],"wp:featuredmedia":[{"embeddable":true,"href":"https:\/\/casadolivreiro.pt\/index.php\/wp-json\/wp\/v2\/media\/5961"}],"wp:attachment":[{"href":"https:\/\/casadolivreiro.pt\/index.php\/wp-json\/wp\/v2\/media?parent=5960"}],"wp:term":[{"taxonomy":"product_cat","embeddable":true,"href":"https:\/\/casadolivreiro.pt\/index.php\/wp-json\/wp\/v2\/product_cat?post=5960"},{"taxonomy":"product_tag","embeddable":true,"href":"https:\/\/casadolivreiro.pt\/index.php\/wp-json\/wp\/v2\/product_tag?post=5960"}],"curies":[{"name":"wp","href":"https:\/\/api.w.org\/{rel}","templated":true}]}}