{"id":5958,"date":"2026-01-19T17:10:34","date_gmt":"2026-01-19T17:10:34","guid":{"rendered":"https:\/\/casadolivreiro.pt\/?post_type=product&#038;p=5958"},"modified":"2026-01-19T17:10:34","modified_gmt":"2026-01-19T17:10:34","slug":"o-despir-da-nevoa-jose-manuel-mendes","status":"publish","type":"product","link":"https:\/\/casadolivreiro.pt\/index.php\/product\/o-despir-da-nevoa-jose-manuel-mendes\/","title":{"rendered":"O DESPIR DA N\u00c9VOA &#8211; Jos\u00e9  Manuel Mendes"},"content":{"rendered":"<p>O DESPIR DA N\u00c9VOA<\/p>\n<p>Jos\u00e9\u00a0 Manuel Mendes (autografado)<\/p>\n<p>Ano de edi\u00e7\u00e3o: 1984<\/p>\n<p>Editor: Europa_Am\u00e9rica<\/p>\n<p>Idioma: Portugu\u00eas<\/p>\n<p>Dimens\u00f5es: 14 x 0.9 x 20.7 cm<\/p>\n<p>Encaderna\u00e7\u00e3o: Capa mole<\/p>\n<p>P\u00e1ginas: 141<\/p>\n","protected":false},"excerpt":{"rendered":"<p>O DESPIR DA N\u00c9VOA Jos\u00e9\u00a0 Manuel Mendes (autografado) Ano de edi\u00e7\u00e3o: 1984 Editor: Europa_Am\u00e9rica Idioma: Portugu\u00eas Dimens\u00f5es: 14 x 0.9 x 20.7 cm Encaderna\u00e7\u00e3o: Capa mole P\u00e1ginas: 141<\/p>\n","protected":false},"featured_media":5959,"comment_status":"open","ping_status":"closed","template":"","meta":{"om_disable_all_campaigns":false,"_monsterinsights_skip_tracking":false,"_monsterinsights_sitenote_active":false,"_monsterinsights_sitenote_note":"","_monsterinsights_sitenote_category":0,"_uf_show_specific_survey":0,"_uf_disable_surveys":false},"product_cat":[25],"product_tag":[],"aioseo_notices":[],"jetpack_sharing_enabled":true,"_links":{"self":[{"href":"https:\/\/casadolivreiro.pt\/index.php\/wp-json\/wp\/v2\/product\/5958"}],"collection":[{"href":"https:\/\/casadolivreiro.pt\/index.php\/wp-json\/wp\/v2\/product"}],"about":[{"href":"https:\/\/casadolivreiro.pt\/index.php\/wp-json\/wp\/v2\/types\/product"}],"replies":[{"embeddable":true,"href":"https:\/\/casadolivreiro.pt\/index.php\/wp-json\/wp\/v2\/comments?post=5958"}],"wp:featuredmedia":[{"embeddable":true,"href":"https:\/\/casadolivreiro.pt\/index.php\/wp-json\/wp\/v2\/media\/5959"}],"wp:attachment":[{"href":"https:\/\/casadolivreiro.pt\/index.php\/wp-json\/wp\/v2\/media?parent=5958"}],"wp:term":[{"taxonomy":"product_cat","embeddable":true,"href":"https:\/\/casadolivreiro.pt\/index.php\/wp-json\/wp\/v2\/product_cat?post=5958"},{"taxonomy":"product_tag","embeddable":true,"href":"https:\/\/casadolivreiro.pt\/index.php\/wp-json\/wp\/v2\/product_tag?post=5958"}],"curies":[{"name":"wp","href":"https:\/\/api.w.org\/{rel}","templated":true}]}}