{"id":5933,"date":"2026-01-19T16:25:36","date_gmt":"2026-01-19T16:25:36","guid":{"rendered":"https:\/\/casadolivreiro.pt\/?post_type=product&#038;p=5933"},"modified":"2026-01-19T16:25:36","modified_gmt":"2026-01-19T16:25:36","slug":"os-maias-vols-i-ii-eca-de-queiros","status":"publish","type":"product","link":"https:\/\/casadolivreiro.pt\/index.php\/product\/os-maias-vols-i-ii-eca-de-queiros\/","title":{"rendered":"OS MAIAS, Vols. I &#038; II &#8211; E\u00e7a de Queir\u00f3s"},"content":{"rendered":"<p>OS MAIAS, Vols. I &amp; II<\/p>\n<p>E\u00e7a de Queir\u00f3s<\/p>\n<p>Ano de edi\u00e7\u00e3o: 2000<\/p>\n<p>Editor: Biblioteca Vis\u00e3o<\/p>\n<p>Idioma: Portugu\u00eas<\/p>\n<p>Dimens\u00f5es: 12 x 2 x 21 cm<\/p>\n<p>Encaderna\u00e7\u00e3o: Capa dura<\/p>\n<p>P\u00e1ginas: 253 &amp; 254<\/p>\n","protected":false},"excerpt":{"rendered":"<p>OS MAIAS, Vols. I &amp; II E\u00e7a de Queir\u00f3s Ano de edi\u00e7\u00e3o: 2000 Editor: Biblioteca Vis\u00e3o Idioma: Portugu\u00eas Dimens\u00f5es: 12 x 2 x 21 cm Encaderna\u00e7\u00e3o: Capa dura P\u00e1ginas: 253 &amp; 254<\/p>\n","protected":false},"featured_media":5934,"comment_status":"open","ping_status":"closed","template":"","meta":{"om_disable_all_campaigns":false,"_monsterinsights_skip_tracking":false,"_monsterinsights_sitenote_active":false,"_monsterinsights_sitenote_note":"","_monsterinsights_sitenote_category":0,"_uf_show_specific_survey":0,"_uf_disable_surveys":false},"product_cat":[25],"product_tag":[],"aioseo_notices":[],"jetpack_sharing_enabled":true,"_links":{"self":[{"href":"https:\/\/casadolivreiro.pt\/index.php\/wp-json\/wp\/v2\/product\/5933"}],"collection":[{"href":"https:\/\/casadolivreiro.pt\/index.php\/wp-json\/wp\/v2\/product"}],"about":[{"href":"https:\/\/casadolivreiro.pt\/index.php\/wp-json\/wp\/v2\/types\/product"}],"replies":[{"embeddable":true,"href":"https:\/\/casadolivreiro.pt\/index.php\/wp-json\/wp\/v2\/comments?post=5933"}],"wp:featuredmedia":[{"embeddable":true,"href":"https:\/\/casadolivreiro.pt\/index.php\/wp-json\/wp\/v2\/media\/5934"}],"wp:attachment":[{"href":"https:\/\/casadolivreiro.pt\/index.php\/wp-json\/wp\/v2\/media?parent=5933"}],"wp:term":[{"taxonomy":"product_cat","embeddable":true,"href":"https:\/\/casadolivreiro.pt\/index.php\/wp-json\/wp\/v2\/product_cat?post=5933"},{"taxonomy":"product_tag","embeddable":true,"href":"https:\/\/casadolivreiro.pt\/index.php\/wp-json\/wp\/v2\/product_tag?post=5933"}],"curies":[{"name":"wp","href":"https:\/\/api.w.org\/{rel}","templated":true}]}}