{"id":5931,"date":"2026-01-19T16:23:55","date_gmt":"2026-01-19T16:23:55","guid":{"rendered":"https:\/\/casadolivreiro.pt\/?post_type=product&#038;p=5931"},"modified":"2026-01-19T16:23:55","modified_gmt":"2026-01-19T16:23:55","slug":"o-sitio-da-mulher-morta-manuel-teixeira-gomes","status":"publish","type":"product","link":"https:\/\/casadolivreiro.pt\/index.php\/product\/o-sitio-da-mulher-morta-manuel-teixeira-gomes\/","title":{"rendered":"O S\u00cdTIO DA MULHER MORTA \u00b4- Manuel Teixeira-Gomes"},"content":{"rendered":"<p>O S\u00cdTIO DA MULHER MORTA<\/p>\n<p>Manuel Teixeira-Gomes<\/p>\n<p>Ano de edi\u00e7\u00e3o: 1988<\/p>\n<p>Editor: Quimera Editores, Lisboa<\/p>\n<p>Idioma: Portugu\u00eas<\/p>\n<p>Dimens\u00f5es: 12 x 1.3 x 18.5 cm<\/p>\n<p>Encaderna\u00e7\u00e3o: Capa mole<\/p>\n<p>P\u00e1ginas: 184<\/p>\n","protected":false},"excerpt":{"rendered":"<p>O S\u00cdTIO DA MULHER MORTA Manuel Teixeira-Gomes Ano de edi\u00e7\u00e3o: 1988 Editor: Quimera Editores, Lisboa Idioma: Portugu\u00eas Dimens\u00f5es: 12 x 1.3 x 18.5 cm Encaderna\u00e7\u00e3o: Capa mole P\u00e1ginas: 184<\/p>\n","protected":false},"featured_media":5932,"comment_status":"open","ping_status":"closed","template":"","meta":{"om_disable_all_campaigns":false,"_monsterinsights_skip_tracking":false,"_monsterinsights_sitenote_active":false,"_monsterinsights_sitenote_note":"","_monsterinsights_sitenote_category":0,"_uf_show_specific_survey":0,"_uf_disable_surveys":false},"product_cat":[25],"product_tag":[],"aioseo_notices":[],"jetpack_sharing_enabled":true,"_links":{"self":[{"href":"https:\/\/casadolivreiro.pt\/index.php\/wp-json\/wp\/v2\/product\/5931"}],"collection":[{"href":"https:\/\/casadolivreiro.pt\/index.php\/wp-json\/wp\/v2\/product"}],"about":[{"href":"https:\/\/casadolivreiro.pt\/index.php\/wp-json\/wp\/v2\/types\/product"}],"replies":[{"embeddable":true,"href":"https:\/\/casadolivreiro.pt\/index.php\/wp-json\/wp\/v2\/comments?post=5931"}],"wp:featuredmedia":[{"embeddable":true,"href":"https:\/\/casadolivreiro.pt\/index.php\/wp-json\/wp\/v2\/media\/5932"}],"wp:attachment":[{"href":"https:\/\/casadolivreiro.pt\/index.php\/wp-json\/wp\/v2\/media?parent=5931"}],"wp:term":[{"taxonomy":"product_cat","embeddable":true,"href":"https:\/\/casadolivreiro.pt\/index.php\/wp-json\/wp\/v2\/product_cat?post=5931"},{"taxonomy":"product_tag","embeddable":true,"href":"https:\/\/casadolivreiro.pt\/index.php\/wp-json\/wp\/v2\/product_tag?post=5931"}],"curies":[{"name":"wp","href":"https:\/\/api.w.org\/{rel}","templated":true}]}}