{"id":5929,"date":"2026-01-19T16:07:20","date_gmt":"2026-01-19T16:07:20","guid":{"rendered":"https:\/\/casadolivreiro.pt\/?post_type=product&#038;p=5929"},"modified":"2026-01-19T16:07:20","modified_gmt":"2026-01-19T16:07:20","slug":"contos-escolhidos-eca-de-queiros","status":"publish","type":"product","link":"https:\/\/casadolivreiro.pt\/index.php\/product\/contos-escolhidos-eca-de-queiros\/","title":{"rendered":"CONTOS ESCOLHIDOS &#8211; E\u00e7a de Queir\u00f3s"},"content":{"rendered":"<p>CONTOS ESCOLHIDOS<\/p>\n<p>E\u00e7a de Queir\u00f3s<\/p>\n<p>Ano de edi\u00e7\u00e3o: 2000<\/p>\n<p>Editor: Editora Ulisseia<\/p>\n<p>Idioma: Portugu\u00eas<\/p>\n<p>Dimens\u00f5es: 12 x 1.3 x 18.5 cm<\/p>\n<p>Encaderna\u00e7\u00e3o: Capa mole<\/p>\n<p>P\u00e1ginas: 184<\/p>\n","protected":false},"excerpt":{"rendered":"<p>CONTOS ESCOLHIDOS E\u00e7a de Queir\u00f3s Ano de edi\u00e7\u00e3o: 2000 Editor: Editora Ulisseia Idioma: Portugu\u00eas Dimens\u00f5es: 12 x 1.3 x 18.5 cm Encaderna\u00e7\u00e3o: Capa mole P\u00e1ginas: 184<\/p>\n","protected":false},"featured_media":5930,"comment_status":"open","ping_status":"closed","template":"","meta":{"om_disable_all_campaigns":false,"_monsterinsights_skip_tracking":false,"_monsterinsights_sitenote_active":false,"_monsterinsights_sitenote_note":"","_monsterinsights_sitenote_category":0,"_uf_show_specific_survey":0,"_uf_disable_surveys":false},"product_cat":[25],"product_tag":[],"aioseo_notices":[],"jetpack_sharing_enabled":true,"_links":{"self":[{"href":"https:\/\/casadolivreiro.pt\/index.php\/wp-json\/wp\/v2\/product\/5929"}],"collection":[{"href":"https:\/\/casadolivreiro.pt\/index.php\/wp-json\/wp\/v2\/product"}],"about":[{"href":"https:\/\/casadolivreiro.pt\/index.php\/wp-json\/wp\/v2\/types\/product"}],"replies":[{"embeddable":true,"href":"https:\/\/casadolivreiro.pt\/index.php\/wp-json\/wp\/v2\/comments?post=5929"}],"wp:featuredmedia":[{"embeddable":true,"href":"https:\/\/casadolivreiro.pt\/index.php\/wp-json\/wp\/v2\/media\/5930"}],"wp:attachment":[{"href":"https:\/\/casadolivreiro.pt\/index.php\/wp-json\/wp\/v2\/media?parent=5929"}],"wp:term":[{"taxonomy":"product_cat","embeddable":true,"href":"https:\/\/casadolivreiro.pt\/index.php\/wp-json\/wp\/v2\/product_cat?post=5929"},{"taxonomy":"product_tag","embeddable":true,"href":"https:\/\/casadolivreiro.pt\/index.php\/wp-json\/wp\/v2\/product_tag?post=5929"}],"curies":[{"name":"wp","href":"https:\/\/api.w.org\/{rel}","templated":true}]}}