{"id":5923,"date":"2026-01-19T16:01:12","date_gmt":"2026-01-19T16:01:12","guid":{"rendered":"https:\/\/casadolivreiro.pt\/?post_type=product&#038;p=5923"},"modified":"2026-01-19T16:01:13","modified_gmt":"2026-01-19T16:01:13","slug":"a-queda-dum-anjo-camilo-castelo-branco","status":"publish","type":"product","link":"https:\/\/casadolivreiro.pt\/index.php\/product\/a-queda-dum-anjo-camilo-castelo-branco\/","title":{"rendered":"A QUEDA DUM ANJO &#8211; Camilo Castelo Branco"},"content":{"rendered":"<p>A QUEDA DUM ANJO<\/p>\n<p>Camilo Castelo Branco<\/p>\n<p>Livros de Bolso # 218<\/p>\n<p>Ano de edi\u00e7\u00e3o: 2008<\/p>\n<p>Editor: Europa-Am\u00e9rica<\/p>\n<p>Idioma: Portugu\u00eas<\/p>\n<p>Dimens\u00f5es: 11.3 x 1.3 x 18 cm<\/p>\n<p>Encaderna\u00e7\u00e3o: Capa mole<\/p>\n<p>P\u00e1ginas: 165<\/p>\n","protected":false},"excerpt":{"rendered":"<p>A QUEDA DUM ANJO Camilo Castelo Branco Livros de Bolso # 218 Ano de edi\u00e7\u00e3o: 2008 Editor: Europa-Am\u00e9rica Idioma: Portugu\u00eas Dimens\u00f5es: 11.3 x 1.3 x 18 cm Encaderna\u00e7\u00e3o: Capa mole P\u00e1ginas: 165<\/p>\n","protected":false},"featured_media":5924,"comment_status":"open","ping_status":"closed","template":"","meta":{"om_disable_all_campaigns":false,"_monsterinsights_skip_tracking":false,"_monsterinsights_sitenote_active":false,"_monsterinsights_sitenote_note":"","_monsterinsights_sitenote_category":0,"_uf_show_specific_survey":0,"_uf_disable_surveys":false},"product_cat":[25],"product_tag":[],"aioseo_notices":[],"jetpack_sharing_enabled":true,"_links":{"self":[{"href":"https:\/\/casadolivreiro.pt\/index.php\/wp-json\/wp\/v2\/product\/5923"}],"collection":[{"href":"https:\/\/casadolivreiro.pt\/index.php\/wp-json\/wp\/v2\/product"}],"about":[{"href":"https:\/\/casadolivreiro.pt\/index.php\/wp-json\/wp\/v2\/types\/product"}],"replies":[{"embeddable":true,"href":"https:\/\/casadolivreiro.pt\/index.php\/wp-json\/wp\/v2\/comments?post=5923"}],"wp:featuredmedia":[{"embeddable":true,"href":"https:\/\/casadolivreiro.pt\/index.php\/wp-json\/wp\/v2\/media\/5924"}],"wp:attachment":[{"href":"https:\/\/casadolivreiro.pt\/index.php\/wp-json\/wp\/v2\/media?parent=5923"}],"wp:term":[{"taxonomy":"product_cat","embeddable":true,"href":"https:\/\/casadolivreiro.pt\/index.php\/wp-json\/wp\/v2\/product_cat?post=5923"},{"taxonomy":"product_tag","embeddable":true,"href":"https:\/\/casadolivreiro.pt\/index.php\/wp-json\/wp\/v2\/product_tag?post=5923"}],"curies":[{"name":"wp","href":"https:\/\/api.w.org\/{rel}","templated":true}]}}