{"id":592,"date":"2024-03-15T12:08:46","date_gmt":"2024-03-15T12:08:46","guid":{"rendered":"https:\/\/casadolivreiro.pt\/?post_type=product&#038;p=592"},"modified":"2024-03-15T12:08:46","modified_gmt":"2024-03-15T12:08:46","slug":"dissolucao-urbano-tavares-rodrigues","status":"publish","type":"product","link":"https:\/\/casadolivreiro.pt\/index.php\/product\/dissolucao-urbano-tavares-rodrigues\/","title":{"rendered":"DISSOLU\u00c7\u00c3O &#8211; Urbano Tavares Rodrigues"},"content":{"rendered":"<p>DISSOLU\u00c7\u00c3O<br \/>\nUrbano Tavares Rodrigues<br \/>\nPrimeira edi\u00e7\u00e3o<br \/>\nAno de edi\u00e7\u00e3o: 1981<br \/>\nEditor: Circulo de Leitores Lda.<br \/>\nIdioma: Portugu\u00eas<br \/>\nDimens\u00f5es: 12 x 1.8 x 20 cm<br \/>\nEncaderna\u00e7\u00e3o: Capa dura<br \/>\nP\u00e1ginas: 190<\/p>\n","protected":false},"excerpt":{"rendered":"<p>DISSOLU\u00c7\u00c3O Urbano Tavares Rodrigues Primeira edi\u00e7\u00e3o Ano de edi\u00e7\u00e3o: 1981 Editor: Circulo de Leitores Lda. Idioma: Portugu\u00eas Dimens\u00f5es: 12 x 1.8 x 20 cm Encaderna\u00e7\u00e3o: Capa dura P\u00e1ginas: 190<\/p>\n","protected":false},"featured_media":593,"comment_status":"open","ping_status":"closed","template":"","meta":{"om_disable_all_campaigns":false,"_monsterinsights_skip_tracking":false,"_monsterinsights_sitenote_active":false,"_monsterinsights_sitenote_note":"","_monsterinsights_sitenote_category":0,"_uf_show_specific_survey":0,"_uf_disable_surveys":false},"product_cat":[25,62,61,37],"product_tag":[],"aioseo_notices":[],"jetpack_sharing_enabled":true,"_links":{"self":[{"href":"https:\/\/casadolivreiro.pt\/index.php\/wp-json\/wp\/v2\/product\/592"}],"collection":[{"href":"https:\/\/casadolivreiro.pt\/index.php\/wp-json\/wp\/v2\/product"}],"about":[{"href":"https:\/\/casadolivreiro.pt\/index.php\/wp-json\/wp\/v2\/types\/product"}],"replies":[{"embeddable":true,"href":"https:\/\/casadolivreiro.pt\/index.php\/wp-json\/wp\/v2\/comments?post=592"}],"wp:featuredmedia":[{"embeddable":true,"href":"https:\/\/casadolivreiro.pt\/index.php\/wp-json\/wp\/v2\/media\/593"}],"wp:attachment":[{"href":"https:\/\/casadolivreiro.pt\/index.php\/wp-json\/wp\/v2\/media?parent=592"}],"wp:term":[{"taxonomy":"product_cat","embeddable":true,"href":"https:\/\/casadolivreiro.pt\/index.php\/wp-json\/wp\/v2\/product_cat?post=592"},{"taxonomy":"product_tag","embeddable":true,"href":"https:\/\/casadolivreiro.pt\/index.php\/wp-json\/wp\/v2\/product_tag?post=592"}],"curies":[{"name":"wp","href":"https:\/\/api.w.org\/{rel}","templated":true}]}}