{"id":5919,"date":"2026-01-19T15:56:27","date_gmt":"2026-01-19T15:56:27","guid":{"rendered":"https:\/\/casadolivreiro.pt\/?post_type=product&#038;p=5919"},"modified":"2026-01-19T15:56:27","modified_gmt":"2026-01-19T15:56:27","slug":"as-pupilas-do-senhor-reitor-julio-dinis","status":"publish","type":"product","link":"https:\/\/casadolivreiro.pt\/index.php\/product\/as-pupilas-do-senhor-reitor-julio-dinis\/","title":{"rendered":"AS PUPILAS DO SENHOR REITOR &#8211; J\u00falio Dinis"},"content":{"rendered":"<p>AS PUPILAS DO SENHOR REITOR<\/p>\n<p>J\u00falio Dinis<\/p>\n<p>Colec\u00e7\u00e3o Grandes Autores Portugueses<\/p>\n<p>Ano de edi\u00e7\u00e3o: 2008<\/p>\n<p>Editor: QuidNovi<\/p>\n<p>Idioma: Portugu\u00eas<\/p>\n<p>Dimens\u00f5es: 11 x 1.4 x 16.8 cm<\/p>\n<p>Encaderna\u00e7\u00e3o: Capa mole<\/p>\n<p>P\u00e1ginas: 264<\/p>\n","protected":false},"excerpt":{"rendered":"<p>AS PUPILAS DO SENHOR REITOR J\u00falio Dinis Colec\u00e7\u00e3o Grandes Autores Portugueses Ano de edi\u00e7\u00e3o: 2008 Editor: QuidNovi Idioma: Portugu\u00eas Dimens\u00f5es: 11 x 1.4 x 16.8 cm Encaderna\u00e7\u00e3o: Capa mole P\u00e1ginas: 264<\/p>\n","protected":false},"featured_media":5920,"comment_status":"open","ping_status":"closed","template":"","meta":{"om_disable_all_campaigns":false,"_monsterinsights_skip_tracking":false,"_monsterinsights_sitenote_active":false,"_monsterinsights_sitenote_note":"","_monsterinsights_sitenote_category":0,"_uf_show_specific_survey":0,"_uf_disable_surveys":false},"product_cat":[25],"product_tag":[],"aioseo_notices":[],"jetpack_sharing_enabled":true,"_links":{"self":[{"href":"https:\/\/casadolivreiro.pt\/index.php\/wp-json\/wp\/v2\/product\/5919"}],"collection":[{"href":"https:\/\/casadolivreiro.pt\/index.php\/wp-json\/wp\/v2\/product"}],"about":[{"href":"https:\/\/casadolivreiro.pt\/index.php\/wp-json\/wp\/v2\/types\/product"}],"replies":[{"embeddable":true,"href":"https:\/\/casadolivreiro.pt\/index.php\/wp-json\/wp\/v2\/comments?post=5919"}],"wp:featuredmedia":[{"embeddable":true,"href":"https:\/\/casadolivreiro.pt\/index.php\/wp-json\/wp\/v2\/media\/5920"}],"wp:attachment":[{"href":"https:\/\/casadolivreiro.pt\/index.php\/wp-json\/wp\/v2\/media?parent=5919"}],"wp:term":[{"taxonomy":"product_cat","embeddable":true,"href":"https:\/\/casadolivreiro.pt\/index.php\/wp-json\/wp\/v2\/product_cat?post=5919"},{"taxonomy":"product_tag","embeddable":true,"href":"https:\/\/casadolivreiro.pt\/index.php\/wp-json\/wp\/v2\/product_tag?post=5919"}],"curies":[{"name":"wp","href":"https:\/\/api.w.org\/{rel}","templated":true}]}}