{"id":5911,"date":"2026-01-19T15:47:23","date_gmt":"2026-01-19T15:47:23","guid":{"rendered":"https:\/\/casadolivreiro.pt\/?post_type=product&#038;p=5911"},"modified":"2026-01-19T15:47:23","modified_gmt":"2026-01-19T15:47:23","slug":"viriato-teofilo-braga","status":"publish","type":"product","link":"https:\/\/casadolivreiro.pt\/index.php\/product\/viriato-teofilo-braga\/","title":{"rendered":"VIRIATO &#8211; Te\u00f3filo Braga"},"content":{"rendered":"<p>VIRIATO<\/p>\n<p>Te\u00f3filo Braga<\/p>\n<p>Colec\u00e7\u00e3o Grandes Autores Portugueses<\/p>\n<p>Ano de edi\u00e7\u00e3o: 2008<\/p>\n<p>Editor: QuidNovi<\/p>\n<p>Idioma: Portugu\u00eas<\/p>\n<p>Dimens\u00f5es: 11 x 0.7 x 16.8 cm<\/p>\n<p>Encaderna\u00e7\u00e3o: Capa mole<\/p>\n<p>P\u00e1ginas: 144<\/p>\n","protected":false},"excerpt":{"rendered":"<p>VIRIATO Te\u00f3filo Braga Colec\u00e7\u00e3o Grandes Autores Portugueses Ano de edi\u00e7\u00e3o: 2008 Editor: QuidNovi Idioma: Portugu\u00eas Dimens\u00f5es: 11 x 0.7 x 16.8 cm Encaderna\u00e7\u00e3o: Capa mole P\u00e1ginas: 144<\/p>\n","protected":false},"featured_media":5912,"comment_status":"open","ping_status":"closed","template":"","meta":{"om_disable_all_campaigns":false,"_monsterinsights_skip_tracking":false,"_monsterinsights_sitenote_active":false,"_monsterinsights_sitenote_note":"","_monsterinsights_sitenote_category":0,"_uf_show_specific_survey":0,"_uf_disable_surveys":false},"product_cat":[25],"product_tag":[],"aioseo_notices":[],"jetpack_sharing_enabled":true,"_links":{"self":[{"href":"https:\/\/casadolivreiro.pt\/index.php\/wp-json\/wp\/v2\/product\/5911"}],"collection":[{"href":"https:\/\/casadolivreiro.pt\/index.php\/wp-json\/wp\/v2\/product"}],"about":[{"href":"https:\/\/casadolivreiro.pt\/index.php\/wp-json\/wp\/v2\/types\/product"}],"replies":[{"embeddable":true,"href":"https:\/\/casadolivreiro.pt\/index.php\/wp-json\/wp\/v2\/comments?post=5911"}],"wp:featuredmedia":[{"embeddable":true,"href":"https:\/\/casadolivreiro.pt\/index.php\/wp-json\/wp\/v2\/media\/5912"}],"wp:attachment":[{"href":"https:\/\/casadolivreiro.pt\/index.php\/wp-json\/wp\/v2\/media?parent=5911"}],"wp:term":[{"taxonomy":"product_cat","embeddable":true,"href":"https:\/\/casadolivreiro.pt\/index.php\/wp-json\/wp\/v2\/product_cat?post=5911"},{"taxonomy":"product_tag","embeddable":true,"href":"https:\/\/casadolivreiro.pt\/index.php\/wp-json\/wp\/v2\/product_tag?post=5911"}],"curies":[{"name":"wp","href":"https:\/\/api.w.org\/{rel}","templated":true}]}}