{"id":5905,"date":"2026-01-19T15:34:20","date_gmt":"2026-01-19T15:34:20","guid":{"rendered":"https:\/\/casadolivreiro.pt\/?post_type=product&#038;p=5905"},"modified":"2026-01-19T15:34:20","modified_gmt":"2026-01-19T15:34:20","slug":"os-meus-amores-trindade-coelho","status":"publish","type":"product","link":"https:\/\/casadolivreiro.pt\/index.php\/product\/os-meus-amores-trindade-coelho\/","title":{"rendered":"OS MEUS AMORES &#8211; Trindade Coelho"},"content":{"rendered":"<p>OS MEUS AMORES<\/p>\n<p>Trindade Coelho<\/p>\n<p>Colec\u00e7\u00e3o Grandes Autores Portugueses<\/p>\n<p>Ano de edi\u00e7\u00e3o: 2008<\/p>\n<p>Editor: QuidNovi<\/p>\n<p>Idioma: Portugu\u00eas<\/p>\n<p>Dimens\u00f5es: 11 x 1 x 16.8 cm<\/p>\n<p>Encaderna\u00e7\u00e3o: Capa mole<\/p>\n<p>P\u00e1ginas: 190<\/p>\n","protected":false},"excerpt":{"rendered":"<p>OS MEUS AMORES Trindade Coelho Colec\u00e7\u00e3o Grandes Autores Portugueses Ano de edi\u00e7\u00e3o: 2008 Editor: QuidNovi Idioma: Portugu\u00eas Dimens\u00f5es: 11 x 1 x 16.8 cm Encaderna\u00e7\u00e3o: Capa mole P\u00e1ginas: 190<\/p>\n","protected":false},"featured_media":5906,"comment_status":"open","ping_status":"closed","template":"","meta":{"om_disable_all_campaigns":false,"_monsterinsights_skip_tracking":false,"_monsterinsights_sitenote_active":false,"_monsterinsights_sitenote_note":"","_monsterinsights_sitenote_category":0,"_uf_show_specific_survey":0,"_uf_disable_surveys":false},"product_cat":[25],"product_tag":[],"aioseo_notices":[],"jetpack_sharing_enabled":true,"_links":{"self":[{"href":"https:\/\/casadolivreiro.pt\/index.php\/wp-json\/wp\/v2\/product\/5905"}],"collection":[{"href":"https:\/\/casadolivreiro.pt\/index.php\/wp-json\/wp\/v2\/product"}],"about":[{"href":"https:\/\/casadolivreiro.pt\/index.php\/wp-json\/wp\/v2\/types\/product"}],"replies":[{"embeddable":true,"href":"https:\/\/casadolivreiro.pt\/index.php\/wp-json\/wp\/v2\/comments?post=5905"}],"wp:featuredmedia":[{"embeddable":true,"href":"https:\/\/casadolivreiro.pt\/index.php\/wp-json\/wp\/v2\/media\/5906"}],"wp:attachment":[{"href":"https:\/\/casadolivreiro.pt\/index.php\/wp-json\/wp\/v2\/media?parent=5905"}],"wp:term":[{"taxonomy":"product_cat","embeddable":true,"href":"https:\/\/casadolivreiro.pt\/index.php\/wp-json\/wp\/v2\/product_cat?post=5905"},{"taxonomy":"product_tag","embeddable":true,"href":"https:\/\/casadolivreiro.pt\/index.php\/wp-json\/wp\/v2\/product_tag?post=5905"}],"curies":[{"name":"wp","href":"https:\/\/api.w.org\/{rel}","templated":true}]}}