{"id":5902,"date":"2026-01-19T15:29:40","date_gmt":"2026-01-19T15:29:40","guid":{"rendered":"https:\/\/casadolivreiro.pt\/?post_type=product&#038;p=5902"},"modified":"2026-01-19T15:32:30","modified_gmt":"2026-01-19T15:32:30","slug":"lendas-e-narativas-vols-i-ii-alexandre-herculano","status":"publish","type":"product","link":"https:\/\/casadolivreiro.pt\/index.php\/product\/lendas-e-narativas-vols-i-ii-alexandre-herculano\/","title":{"rendered":"LENDAS E NARATIVAS, Vols. I &#038; II &#8211; Alexandre Herculano"},"content":{"rendered":"<p>LENDAS E NARATIVAS, Vols. I &amp; II<\/p>\n<p>Alexandre Herculano<\/p>\n<p>Ano de edi\u00e7\u00e3o: 1978<\/p>\n<p>Editor: Livraria Bertrand<\/p>\n<p>Idioma: Portugu\u00eas<\/p>\n<p>Dimens\u00f5es: 15 x 2 x 20 cm<\/p>\n<p>Encaderna\u00e7\u00e3o: Capa mole<\/p>\n<p>P\u00e1ginas: 269 +323<\/p>\n","protected":false},"excerpt":{"rendered":"<p>LENDAS E NARATIVAS, Vols. I &amp; II Alexandre Herculano Ano de edi\u00e7\u00e3o: 1978 Editor: Livraria Bertrand Idioma: Portugu\u00eas Dimens\u00f5es: 15 x 2 x 20 cm Encaderna\u00e7\u00e3o: Capa mole P\u00e1ginas: 269 +323<\/p>\n","protected":false},"featured_media":5904,"comment_status":"open","ping_status":"closed","template":"","meta":{"om_disable_all_campaigns":false,"_monsterinsights_skip_tracking":false,"_monsterinsights_sitenote_active":false,"_monsterinsights_sitenote_note":"","_monsterinsights_sitenote_category":0,"_uf_show_specific_survey":0,"_uf_disable_surveys":false},"product_cat":[25],"product_tag":[],"aioseo_notices":[],"jetpack_sharing_enabled":true,"_links":{"self":[{"href":"https:\/\/casadolivreiro.pt\/index.php\/wp-json\/wp\/v2\/product\/5902"}],"collection":[{"href":"https:\/\/casadolivreiro.pt\/index.php\/wp-json\/wp\/v2\/product"}],"about":[{"href":"https:\/\/casadolivreiro.pt\/index.php\/wp-json\/wp\/v2\/types\/product"}],"replies":[{"embeddable":true,"href":"https:\/\/casadolivreiro.pt\/index.php\/wp-json\/wp\/v2\/comments?post=5902"}],"wp:featuredmedia":[{"embeddable":true,"href":"https:\/\/casadolivreiro.pt\/index.php\/wp-json\/wp\/v2\/media\/5904"}],"wp:attachment":[{"href":"https:\/\/casadolivreiro.pt\/index.php\/wp-json\/wp\/v2\/media?parent=5902"}],"wp:term":[{"taxonomy":"product_cat","embeddable":true,"href":"https:\/\/casadolivreiro.pt\/index.php\/wp-json\/wp\/v2\/product_cat?post=5902"},{"taxonomy":"product_tag","embeddable":true,"href":"https:\/\/casadolivreiro.pt\/index.php\/wp-json\/wp\/v2\/product_tag?post=5902"}],"curies":[{"name":"wp","href":"https:\/\/api.w.org\/{rel}","templated":true}]}}