{"id":5897,"date":"2026-01-19T14:57:15","date_gmt":"2026-01-19T14:57:15","guid":{"rendered":"https:\/\/casadolivreiro.pt\/?post_type=product&#038;p=5897"},"modified":"2026-01-19T14:57:15","modified_gmt":"2026-01-19T14:57:15","slug":"lendas-e-narativas-alexandre-herculano","status":"publish","type":"product","link":"https:\/\/casadolivreiro.pt\/index.php\/product\/lendas-e-narativas-alexandre-herculano\/","title":{"rendered":"LENDAS E NARATIVAS  &#8211; Alexandre Herculano"},"content":{"rendered":"<p>LENDAS E NARATIVAS<\/p>\n<p>Alexandre Herculano<\/p>\n<p>Ano de edi\u00e7\u00e3o: 1998<\/p>\n<p>Editor: Editora Ulisseia<\/p>\n<p>Idioma: Portugu\u00eas<\/p>\n<p>Dimens\u00f5es: 12 x 1.7 x 18.5 cm<\/p>\n<p>Encaderna\u00e7\u00e3o: Capa mole<\/p>\n<p>P\u00e1ginas: 273<\/p>\n","protected":false},"excerpt":{"rendered":"<p>LENDAS E NARATIVAS Alexandre Herculano Ano de edi\u00e7\u00e3o: 1998 Editor: Editora Ulisseia Idioma: Portugu\u00eas Dimens\u00f5es: 12 x 1.7 x 18.5 cm Encaderna\u00e7\u00e3o: Capa mole P\u00e1ginas: 273<\/p>\n","protected":false},"featured_media":5898,"comment_status":"open","ping_status":"closed","template":"","meta":{"om_disable_all_campaigns":false,"_monsterinsights_skip_tracking":false,"_monsterinsights_sitenote_active":false,"_monsterinsights_sitenote_note":"","_monsterinsights_sitenote_category":0,"_uf_show_specific_survey":0,"_uf_disable_surveys":false},"product_cat":[25],"product_tag":[],"aioseo_notices":[],"jetpack_sharing_enabled":true,"_links":{"self":[{"href":"https:\/\/casadolivreiro.pt\/index.php\/wp-json\/wp\/v2\/product\/5897"}],"collection":[{"href":"https:\/\/casadolivreiro.pt\/index.php\/wp-json\/wp\/v2\/product"}],"about":[{"href":"https:\/\/casadolivreiro.pt\/index.php\/wp-json\/wp\/v2\/types\/product"}],"replies":[{"embeddable":true,"href":"https:\/\/casadolivreiro.pt\/index.php\/wp-json\/wp\/v2\/comments?post=5897"}],"wp:featuredmedia":[{"embeddable":true,"href":"https:\/\/casadolivreiro.pt\/index.php\/wp-json\/wp\/v2\/media\/5898"}],"wp:attachment":[{"href":"https:\/\/casadolivreiro.pt\/index.php\/wp-json\/wp\/v2\/media?parent=5897"}],"wp:term":[{"taxonomy":"product_cat","embeddable":true,"href":"https:\/\/casadolivreiro.pt\/index.php\/wp-json\/wp\/v2\/product_cat?post=5897"},{"taxonomy":"product_tag","embeddable":true,"href":"https:\/\/casadolivreiro.pt\/index.php\/wp-json\/wp\/v2\/product_tag?post=5897"}],"curies":[{"name":"wp","href":"https:\/\/api.w.org\/{rel}","templated":true}]}}