{"id":5892,"date":"2026-01-17T17:49:31","date_gmt":"2026-01-17T17:49:31","guid":{"rendered":"https:\/\/casadolivreiro.pt\/?post_type=product&#038;p=5892"},"modified":"2026-01-17T17:49:31","modified_gmt":"2026-01-17T17:49:31","slug":"teatro-ii-julio-dinis","status":"publish","type":"product","link":"https:\/\/casadolivreiro.pt\/index.php\/product\/teatro-ii-julio-dinis\/","title":{"rendered":"TEATRO II &#8211; J\u00falio Dinis"},"content":{"rendered":"<p>TEATRO II<\/p>\n<p>J\u00falio Dinis<\/p>\n<p>Obras Completas de J\u00falio Dinis, Vol. 8<\/p>\n<p>Ano de edi\u00e7\u00e3o: 1993<\/p>\n<p>Editor: C\u00edrculo de Leitores<\/p>\n<p>Idioma: Portugu\u00eas<\/p>\n<p>Dimens\u00f5es: 12 x 2.5 x 20 cm<\/p>\n<p>Encaderna\u00e7\u00e3o: Capa dura<\/p>\n<p>P\u00e1ginas: 404<\/p>\n","protected":false},"excerpt":{"rendered":"<p>TEATRO II J\u00falio Dinis Obras Completas de J\u00falio Dinis, Vol. 8 Ano de edi\u00e7\u00e3o: 1993 Editor: C\u00edrculo de Leitores Idioma: Portugu\u00eas Dimens\u00f5es: 12 x 2.5 x 20 cm Encaderna\u00e7\u00e3o: Capa dura P\u00e1ginas: 404<\/p>\n","protected":false},"featured_media":5891,"comment_status":"open","ping_status":"closed","template":"","meta":{"om_disable_all_campaigns":false,"_monsterinsights_skip_tracking":false,"_monsterinsights_sitenote_active":false,"_monsterinsights_sitenote_note":"","_monsterinsights_sitenote_category":0,"_uf_show_specific_survey":0,"_uf_disable_surveys":false},"product_cat":[25],"product_tag":[],"aioseo_notices":[],"jetpack_sharing_enabled":true,"_links":{"self":[{"href":"https:\/\/casadolivreiro.pt\/index.php\/wp-json\/wp\/v2\/product\/5892"}],"collection":[{"href":"https:\/\/casadolivreiro.pt\/index.php\/wp-json\/wp\/v2\/product"}],"about":[{"href":"https:\/\/casadolivreiro.pt\/index.php\/wp-json\/wp\/v2\/types\/product"}],"replies":[{"embeddable":true,"href":"https:\/\/casadolivreiro.pt\/index.php\/wp-json\/wp\/v2\/comments?post=5892"}],"wp:featuredmedia":[{"embeddable":true,"href":"https:\/\/casadolivreiro.pt\/index.php\/wp-json\/wp\/v2\/media\/5891"}],"wp:attachment":[{"href":"https:\/\/casadolivreiro.pt\/index.php\/wp-json\/wp\/v2\/media?parent=5892"}],"wp:term":[{"taxonomy":"product_cat","embeddable":true,"href":"https:\/\/casadolivreiro.pt\/index.php\/wp-json\/wp\/v2\/product_cat?post=5892"},{"taxonomy":"product_tag","embeddable":true,"href":"https:\/\/casadolivreiro.pt\/index.php\/wp-json\/wp\/v2\/product_tag?post=5892"}],"curies":[{"name":"wp","href":"https:\/\/api.w.org\/{rel}","templated":true}]}}